{"id":1946,"date":"2022-05-25T08:37:54","date_gmt":"2022-05-25T08:37:54","guid":{"rendered":"https:\/\/familyherogame.com\/product\/seimos-veiklu-korteles-2\/"},"modified":"2025-05-13T10:59:02","modified_gmt":"2025-05-13T10:59:02","slug":"seimos-veiklu-korteles-2","status":"publish","type":"product","link":"https:\/\/familyherogame.com\/lt\/product\/seimos-veiklu-korteles-2\/","title":{"rendered":"\u0160eimos veikl\u0173 kortel\u0117s"},"content":{"rendered":"","protected":false},"excerpt":{"rendered":"<p>\u0160is spalvingas rinkinys apima 52 \u0161eimos veikl\u0173 korteles, suskirstytas pagal keturias stichijas \u2013 Ugn\u012f, \u017dem\u0119, Or\u0105 ir Vanden\u012f. Kiekviena kortel\u0117 si\u016blo smagius ir prasmingus b\u016bdus leisti laik\u0105 kartu su \u0161eima. Nuo film\u0173 vakar\u0173 iki pasivaik\u0161\u010diojim\u0173 gamtoje \u2013 \u0161ios veiklos padeda Savait\u0117s herojui suplanuoti, kuo d\u017eiaugsis visa \u0161eima.<\/p>\n<p>\u0160eimos veikl\u0173 kortel\u0117s suteikia savait\u0117s ritmui d\u017eiaugsmo, pusiausvyros, tuo pa\u010diu mokant planavimo, kantryb\u0117s ir bendr\u0173 sprendim\u0173 pri\u0117mimo.<\/p>\n<ul>\n<li>Standartinio \u017eaidim\u0173 kort\u0173 dyd\u017eio: 90 \u00d7 64 mm<\/li>\n<li>Auk\u0161tos kokyb\u0117s popierius su patvariu matiniu pavir\u0161iumi<\/li>\n<li>Platus veikl\u0173 pasirinkimas skirtingoms nuotaikoms ir \u0161eimos stiliams<\/li>\n<li>Naudojamos kartu su <a href=\"https:\/\/familyherogame.com\/lt\/product\/heroju-korteles-lt-en\/\">Heroj\u0173 kortel\u0117mis<\/a> ir savait\u0117s kalendoriumi<\/li>\n<\/ul>\n<p>Rinkit\u0117s m\u0117gstamiausias veiklas, planuokite jas kartu ir kurkite prisiminimus, kurie i\u0161liks ilgiau nei pats \u017eaidimas.<\/p>\n","protected":false},"featured_media":1460,"comment_status":"open","ping_status":"closed","template":"","meta":[],"product_brand":[],"product_cat":[43],"product_tag":[],"class_list":{"0":"post-1946","1":"product","2":"type-product","3":"status-publish","4":"has-post-thumbnail","6":"product_cat-kortos","8":"first","9":"instock","10":"shipping-taxable","11":"purchasable","12":"product-type-variable"},"_links":{"self":[{"href":"https:\/\/familyherogame.com\/lt\/wp-json\/wp\/v2\/product\/1946","targetHints":{"allow":["GET"]}}],"collection":[{"href":"https:\/\/familyherogame.com\/lt\/wp-json\/wp\/v2\/product"}],"about":[{"href":"https:\/\/familyherogame.com\/lt\/wp-json\/wp\/v2\/types\/product"}],"replies":[{"embeddable":true,"href":"https:\/\/familyherogame.com\/lt\/wp-json\/wp\/v2\/comments?post=1946"}],"wp:featuredmedia":[{"embeddable":true,"href":"https:\/\/familyherogame.com\/lt\/wp-json\/wp\/v2\/media\/1460"}],"wp:attachment":[{"href":"https:\/\/familyherogame.com\/lt\/wp-json\/wp\/v2\/media?parent=1946"}],"wp:term":[{"taxonomy":"product_brand","embeddable":true,"href":"https:\/\/familyherogame.com\/lt\/wp-json\/wp\/v2\/product_brand?post=1946"},{"taxonomy":"product_cat","embeddable":true,"href":"https:\/\/familyherogame.com\/lt\/wp-json\/wp\/v2\/product_cat?post=1946"},{"taxonomy":"product_tag","embeddable":true,"href":"https:\/\/familyherogame.com\/lt\/wp-json\/wp\/v2\/product_tag?post=1946"}],"curies":[{"name":"wp","href":"https:\/\/api.w.org\/{rel}","templated":true}]}}