{"id":1945,"date":"2025-04-21T20:36:09","date_gmt":"2025-04-21T20:36:09","guid":{"rendered":"https:\/\/familyherogame.com\/product\/uzduoties-vertes-lipdukai-2\/"},"modified":"2025-05-19T17:31:10","modified_gmt":"2025-05-19T17:31:10","slug":"uzduoties-vertes-lipdukai-2","status":"publish","type":"product","link":"https:\/\/familyherogame.com\/lt\/product\/uzduoties-vertes-lipdukai-2\/","title":{"rendered":"U\u017eduoties vert\u0117s lipdukai"},"content":{"rendered":"","protected":false},"excerpt":{"rendered":"<p>Suteikite kiekvienai u\u017eduo\u010diai ai\u0161kumo ir motyvacijos su U\u017eduoties vert\u0117s lipdukais. \u0160ie lipdukai leid\u017eia nustatyti, kiek pastang\u0173 reikia u\u017eduo\u010diai \u012fvykdyti ir kiek \u017eeton\u0173 ji verta \u2013 taip tikslai tampa s\u0105\u017einingi, matomi ir smag\u016bs visai \u0161eimai. <\/p>\n<p>Naudokite juos <a href=\"https:\/\/familyherogame.com\/lt\/product\/uzduociu-korteles-2\/\">u\u017eduo\u010di\u0173 kortel\u0117ms<\/a> personalizuoti, pastangoms sekti ir pad\u0117ti vaikams suprasti, kad u\u017e pastangas seka atpildas.<\/p>\n<ul>\n<li>Skirta naudoti su <a href=\"https:\/\/familyherogame.com\/lt\/product\/uzduociu-korteles-2\/\">u\u017eduo\u010di\u0173 kortel\u0117mis<\/a><\/li>\n<li>Puikus b\u016bdas mokytis apie pastang\u0173 ir atlygio santyk\u012f, atsakomyb\u0119 ir s\u0105\u017einingum\u0105<\/li>\n<li>Kuo daugiau pastang\u0173 \u2013 tuo didesnis atlygis.<\/li>\n<\/ul>\n<p>Rinkinyje \u2013 100 lipduk\u0173:<\/p>\n<ul>\n<li>25 \u00d7 Moneta (Lengva \u2013 1 \u017eetonas)<\/li>\n<li>25 \u00d7 \u017denklelis (Vidutin\u0117 \u2013 2 \u017eetonai)<\/li>\n<li>25 \u00d7 Deimantas (Sunki \u2013 3 \u017eetonai)<\/li>\n<li>25 \u00d7 Lobi\u0173 skrynia (Labai sunki \u2013 5 \u017eetonai)<\/li>\n<\/ul>\n","protected":false},"featured_media":1710,"comment_status":"open","ping_status":"closed","template":"","meta":[],"product_brand":[],"product_cat":[45],"product_tag":[],"class_list":{"0":"post-1945","1":"product","2":"type-product","3":"status-publish","4":"has-post-thumbnail","6":"product_cat-lipdukai","8":"first","9":"instock","10":"shipping-taxable","11":"purchasable","12":"product-type-simple"},"_links":{"self":[{"href":"https:\/\/familyherogame.com\/lt\/wp-json\/wp\/v2\/product\/1945","targetHints":{"allow":["GET"]}}],"collection":[{"href":"https:\/\/familyherogame.com\/lt\/wp-json\/wp\/v2\/product"}],"about":[{"href":"https:\/\/familyherogame.com\/lt\/wp-json\/wp\/v2\/types\/product"}],"replies":[{"embeddable":true,"href":"https:\/\/familyherogame.com\/lt\/wp-json\/wp\/v2\/comments?post=1945"}],"wp:featuredmedia":[{"embeddable":true,"href":"https:\/\/familyherogame.com\/lt\/wp-json\/wp\/v2\/media\/1710"}],"wp:attachment":[{"href":"https:\/\/familyherogame.com\/lt\/wp-json\/wp\/v2\/media?parent=1945"}],"wp:term":[{"taxonomy":"product_brand","embeddable":true,"href":"https:\/\/familyherogame.com\/lt\/wp-json\/wp\/v2\/product_brand?post=1945"},{"taxonomy":"product_cat","embeddable":true,"href":"https:\/\/familyherogame.com\/lt\/wp-json\/wp\/v2\/product_cat?post=1945"},{"taxonomy":"product_tag","embeddable":true,"href":"https:\/\/familyherogame.com\/lt\/wp-json\/wp\/v2\/product_tag?post=1945"}],"curies":[{"name":"wp","href":"https:\/\/api.w.org\/{rel}","templated":true}]}}