{"id":1942,"date":"2022-05-25T08:29:38","date_gmt":"2022-05-25T08:29:38","guid":{"rendered":"https:\/\/familyherogame.com\/product\/uzduociu-korteles-2\/"},"modified":"2025-05-13T11:01:24","modified_gmt":"2025-05-13T11:01:24","slug":"uzduociu-korteles-2","status":"publish","type":"product","link":"https:\/\/familyherogame.com\/lt\/product\/uzduociu-korteles-2\/","title":{"rendered":"U\u017eduo\u010di\u0173 kortel\u0117s"},"content":{"rendered":"","protected":false},"excerpt":{"rendered":"<p>\u0160is rinkinys apima 52 u\u017eduo\u010di\u0173 korteles, kurios kasdienes veiklas paver\u010dia motyvuojan\u010diais i\u0161\u0161\u016bkiais su ai\u0161kiais apdovanojimais Kiekviena kortel\u0117 \u2013 tai \u012fg\u016bd\u017eius ugdanti u\u017eduotis ar \u012fprotis, padedantis vaikams ir suaugusiems siekti tikslo bei tapti Savait\u0117s herojumi.<\/p>\n<p>Naudodami <a href=\"https:\/\/familyherogame.com\/lt\/product\/uzduoties-vertes-lipdukai-2\/\">U\u017eduoties vert\u0117s lipduku<\/a>s, galite pritaikyti kiekvienos u\u017eduoties sud\u0117tingum\u0105 ir \u017eeton\u0173 vert\u0119 \u2013 taip u\u017eduotys tampa ai\u0161kios, s\u0105\u017einingos ir \u012fdomios visai \u0161eimai.<\/p>\n<ul>\n<li>Standartinio \u017eaidim\u0173 kort\u0173 dyd\u017eio: 90 \u00d7 64 mm<\/li>\n<li>Auk\u0161tos kokyb\u0117s popierius su patvariu matiniu pavir\u0161iumi<\/li>\n<li>Subalansuotas kasdieniams i\u0161\u0161\u016bkiams ir \u012fpro\u010diams<\/li>\n<li>Naudojamos kartu su <a href=\"https:\/\/familyherogame.com\/lt\/product\/uzduoties-vertes-lipdukai-2\/\">U\u017eduoties vert\u0117s lipdukais<\/a><\/li>\n<\/ul>\n<p>\u012evykdykite u\u017eduotis, gaukite \u017eetonus ir d\u017eiaukit\u0117s kiekviena pergale \u2013 tiek ma\u017ea, tiek didesne.<\/p>\n","protected":false},"featured_media":1468,"comment_status":"open","ping_status":"closed","template":"","meta":[],"product_brand":[],"product_cat":[43],"product_tag":[],"class_list":{"0":"post-1942","1":"product","2":"type-product","3":"status-publish","4":"has-post-thumbnail","6":"product_cat-kortos","8":"first","9":"instock","10":"shipping-taxable","11":"purchasable","12":"product-type-variable"},"_links":{"self":[{"href":"https:\/\/familyherogame.com\/lt\/wp-json\/wp\/v2\/product\/1942","targetHints":{"allow":["GET"]}}],"collection":[{"href":"https:\/\/familyherogame.com\/lt\/wp-json\/wp\/v2\/product"}],"about":[{"href":"https:\/\/familyherogame.com\/lt\/wp-json\/wp\/v2\/types\/product"}],"replies":[{"embeddable":true,"href":"https:\/\/familyherogame.com\/lt\/wp-json\/wp\/v2\/comments?post=1942"}],"wp:featuredmedia":[{"embeddable":true,"href":"https:\/\/familyherogame.com\/lt\/wp-json\/wp\/v2\/media\/1468"}],"wp:attachment":[{"href":"https:\/\/familyherogame.com\/lt\/wp-json\/wp\/v2\/media?parent=1942"}],"wp:term":[{"taxonomy":"product_brand","embeddable":true,"href":"https:\/\/familyherogame.com\/lt\/wp-json\/wp\/v2\/product_brand?post=1942"},{"taxonomy":"product_cat","embeddable":true,"href":"https:\/\/familyherogame.com\/lt\/wp-json\/wp\/v2\/product_cat?post=1942"},{"taxonomy":"product_tag","embeddable":true,"href":"https:\/\/familyherogame.com\/lt\/wp-json\/wp\/v2\/product_tag?post=1942"}],"curies":[{"name":"wp","href":"https:\/\/api.w.org\/{rel}","templated":true}]}}