{"id":1939,"date":"2025-04-21T14:21:01","date_gmt":"2025-04-21T14:21:01","guid":{"rendered":"https:\/\/familyherogame.com\/product\/family-hero-rinkinys-4-zaideju-komplektas-2\/"},"modified":"2025-06-15T16:57:00","modified_gmt":"2025-06-15T16:57:00","slug":"family-hero-rinkinys-4-zaideju-komplektas-2","status":"publish","type":"product","link":"https:\/\/familyherogame.com\/lt\/product\/family-hero-rinkinys-4-zaideju-komplektas-2\/","title":{"rendered":"Family Hero rinkinys \u2013 4 \u017eaid\u0117j\u0173 komplektas"},"content":{"rendered":"","protected":false},"excerpt":{"rendered":"<p>Viskas, ko reikia j\u016bs\u0173 \u0161eimos savait\u0117s nuotykiui prad\u0117ti \u2013 viename smagiame ir prasmingame rinkinyje.<\/p>\n<p>Family Hero \u017eaidimo rinkinys apjungia visus pagrindinius komponentus, kad gal\u0117tum\u0117te paversti kasdienius darbus u\u017eduotimis, ugdyti \u012fpro\u010dius ir planuoti veiklas, kuri\u0173 lauks visa \u0161eima. Skirtas iki keturi\u0173 \u017eaid\u0117j\u0173, \u0161is rinkinys padeda sekti pa\u017eang\u0105, \u0161v\u0119sti pastangas ir kiekvien\u0105 savait\u0119 kar\u016bnuoti nauj\u0105 heroj\u0173. <\/p>\n<p><strong>Rinkinyje rasite:<\/strong><\/p>\n<ul>\n<li><a href=\"https:\/\/familyherogame.com\/lt\/product\/zaidimo-lenta-4-zaideju-komplektas-2\/\"><strong>\u017daidimo lent\u0105<\/strong><\/a> \u2013 1 savait\u0117s kalendorius + 4 progreso sekcijos (galima pl\u0117sti)<\/li>\n<li><a href=\"https:\/\/familyherogame.com\/lt\/product\/uzduociu-korteles-2\/\"><strong>U\u017eduo\u010di\u0173 korteles<\/strong><\/a> \u2013 paruo\u0161ti kasdieniai i\u0161\u0161\u016bkiai<\/li>\n<li><a href=\"https:\/\/familyherogame.com\/lt\/product\/heroju-korteles-lt-en\/\"><strong>Heroj\u0173 korteles<\/strong><\/a> \u2013 veik\u0117jai i\u0161 keturi\u0173 stichij\u0173<\/li>\n<li><a href=\"https:\/\/familyherogame.com\/lt\/product\/seimos-veiklu-korteles-2\/\"><strong>\u0160eimos veikl\u0173 korteles<\/strong><\/a> \u2013 \u012fkvepian\u010dios id\u0117jos smagiam laikui kartu<\/li>\n<li><a href=\"https:\/\/familyherogame.com\/lt\/product\/uzduoties-vertes-lipdukai-2\/\"><strong>U\u017eduoties vert\u0117s lipdukus<\/strong><\/a> \u2013 u\u017eduo\u010di\u0173 sud\u0117tingumui ir \u017eeton\u0173 vertei nustatyti<\/li>\n<\/ul>\n<p>Sukurta tam, kad pad\u0117t\u0173 augti, stiprinti ry\u0161ius ir kurti savait\u0117s rutin\u0105, kuri\u0105 \u0161eima pamils.<\/p>\n","protected":false},"featured_media":1889,"comment_status":"open","ping_status":"closed","template":"","meta":[],"product_brand":[],"product_cat":[44],"product_tag":[],"class_list":{"0":"post-1939","1":"product","2":"type-product","3":"status-publish","4":"has-post-thumbnail","6":"product_cat-zaidimo-rinkiniai","8":"first","9":"instock","10":"sale","11":"shipping-taxable","12":"purchasable","13":"product-type-variable"},"_links":{"self":[{"href":"https:\/\/familyherogame.com\/lt\/wp-json\/wp\/v2\/product\/1939","targetHints":{"allow":["GET"]}}],"collection":[{"href":"https:\/\/familyherogame.com\/lt\/wp-json\/wp\/v2\/product"}],"about":[{"href":"https:\/\/familyherogame.com\/lt\/wp-json\/wp\/v2\/types\/product"}],"replies":[{"embeddable":true,"href":"https:\/\/familyherogame.com\/lt\/wp-json\/wp\/v2\/comments?post=1939"}],"wp:featuredmedia":[{"embeddable":true,"href":"https:\/\/familyherogame.com\/lt\/wp-json\/wp\/v2\/media\/1889"}],"wp:attachment":[{"href":"https:\/\/familyherogame.com\/lt\/wp-json\/wp\/v2\/media?parent=1939"}],"wp:term":[{"taxonomy":"product_brand","embeddable":true,"href":"https:\/\/familyherogame.com\/lt\/wp-json\/wp\/v2\/product_brand?post=1939"},{"taxonomy":"product_cat","embeddable":true,"href":"https:\/\/familyherogame.com\/lt\/wp-json\/wp\/v2\/product_cat?post=1939"},{"taxonomy":"product_tag","embeddable":true,"href":"https:\/\/familyherogame.com\/lt\/wp-json\/wp\/v2\/product_tag?post=1939"}],"curies":[{"name":"wp","href":"https:\/\/api.w.org\/{rel}","templated":true}]}}