{"id":1928,"date":"2025-05-12T21:40:06","date_gmt":"2025-05-12T21:40:06","guid":{"rendered":"https:\/\/familyherogame.com\/product\/heroju-korteles-lt-en\/"},"modified":"2025-07-15T07:15:35","modified_gmt":"2025-07-15T07:15:35","slug":"heroju-korteles-lt-en","status":"publish","type":"product","link":"https:\/\/familyherogame.com\/lt\/product\/heroju-korteles-lt-en\/","title":{"rendered":"Heroj\u0173 kortel\u0117s"},"content":{"rendered":"","protected":false},"excerpt":{"rendered":"<p data-pm-slice=\"1 1 []\">\u0160iame iliustruotame rinkinyje rasite <strong>52 heroj\u0173 korteles<\/strong>, suskirstytas \u012f keturias stichijas \u2013 <strong>Ugn\u012f, \u017dem\u0119, Or\u0105 ir Vanden\u012f <\/strong>\u2013 kiekviena su savita energija ir charakteriu. Kiekvienos savait\u0117s prad\u017eioje \u017eaid\u0117jai pasirenka heroj\u0173, kuris lyd\u0117s juos atliekant u\u017eduotis, suteikdamas asmeni\u0161kumo ir \u017eaidimo prasm\u0117s. <\/p>\n<p>Herojaus kortel\u0117s taip pat lemia, kokias <a href=\"https:\/\/familyherogame.com\/lt\/product\/seimos-veiklu-korteles-2\/\"><strong>\u0160eimos veikl\u0173 korteles<\/strong><\/a> <strong>savait\u0117s \u0161eimos herojus<\/strong> gal\u0117s pasirinkti \u2013 jos sujungia pastangas su \u0161vente.<\/p>\n<ul>\n<li>Standartinio \u017eaidim\u0173 kort\u0173 dyd\u017eio: 90 \u00d7 64 mm<\/li>\n<li>Auk\u0161tos kokyb\u0117s popierius su patvariu matiniu pavir\u0161iumi<\/li>\n<li>Sukurtos skatinti vaizduot\u0119 ir asmenin\u0119 atsakomyb\u0119 \u017eaidime<\/li>\n<\/ul>\n<p>Rinkis heroj\u0173 pagal savo nuotaik\u0105 \u2013 arba keisk j\u012f kiekvien\u0105 savait\u0119 naujam potyriui.<\/p>\n","protected":false},"featured_media":1462,"comment_status":"open","ping_status":"closed","template":"","meta":[],"product_brand":[],"product_cat":[43],"product_tag":[],"class_list":{"0":"post-1928","1":"product","2":"type-product","3":"status-publish","4":"has-post-thumbnail","6":"product_cat-kortos","8":"first","9":"instock","10":"shipping-taxable","11":"purchasable","12":"product-type-variable","13":"has-default-attributes"},"_links":{"self":[{"href":"https:\/\/familyherogame.com\/lt\/wp-json\/wp\/v2\/product\/1928","targetHints":{"allow":["GET"]}}],"collection":[{"href":"https:\/\/familyherogame.com\/lt\/wp-json\/wp\/v2\/product"}],"about":[{"href":"https:\/\/familyherogame.com\/lt\/wp-json\/wp\/v2\/types\/product"}],"replies":[{"embeddable":true,"href":"https:\/\/familyherogame.com\/lt\/wp-json\/wp\/v2\/comments?post=1928"}],"wp:featuredmedia":[{"embeddable":true,"href":"https:\/\/familyherogame.com\/lt\/wp-json\/wp\/v2\/media\/1462"}],"wp:attachment":[{"href":"https:\/\/familyherogame.com\/lt\/wp-json\/wp\/v2\/media?parent=1928"}],"wp:term":[{"taxonomy":"product_brand","embeddable":true,"href":"https:\/\/familyherogame.com\/lt\/wp-json\/wp\/v2\/product_brand?post=1928"},{"taxonomy":"product_cat","embeddable":true,"href":"https:\/\/familyherogame.com\/lt\/wp-json\/wp\/v2\/product_cat?post=1928"},{"taxonomy":"product_tag","embeddable":true,"href":"https:\/\/familyherogame.com\/lt\/wp-json\/wp\/v2\/product_tag?post=1928"}],"curies":[{"name":"wp","href":"https:\/\/api.w.org\/{rel}","templated":true}]}}