{"id":2139,"date":"2022-05-24T14:58:18","date_gmt":"2022-05-24T14:58:18","guid":{"rendered":"https:\/\/familyherogame.com\/susisiekite\/"},"modified":"2025-05-20T07:04:45","modified_gmt":"2025-05-20T07:04:45","slug":"susisiekite","status":"publish","type":"page","link":"https:\/\/familyherogame.com\/lt\/susisiekite\/","title":{"rendered":"Susisiekite"},"content":{"rendered":"\n<div class=\"wp-block-stackable-columns alignfull stk-block-columns stk-block stk-2745f65 stk-block-background\" data-block-id=\"2745f65\"><style>.stk-2745f65 {background-color:var(--theme-palette-color-4, #1A1E21) !important;padding-top:100px !important;padding-bottom:100px !important;margin-bottom:0px !important;}.stk-2745f65:before{background-color:var(--theme-palette-color-4, #1A1E21) !important;}<\/style><div class=\"stk-row stk-inner-blocks stk-block-content stk-content-align stk-2745f65-column\">\n<div class=\"wp-block-stackable-column stk-block-column stk-column stk-block stk-1764027\" data-v=\"4\" data-block-id=\"1764027\"><style>.stk-1764027-container{margin-top:0px !important;margin-right:0px !important;margin-bottom:0px !important;margin-left:0px !important;}<\/style><div class=\"stk-column-wrapper stk-block-column__content stk-container stk-1764027-container stk--no-background stk--no-padding\"><div class=\"stk-block-content stk-inner-blocks stk-1764027-inner-blocks\">\n<div class=\"wp-block-stackable-heading stk-block-heading stk-block-heading--v2 stk-block stk-98c76d6\" id=\"contact-us\" data-block-id=\"98c76d6\"><style>.stk-98c76d6 .stk-block-heading__text{font-size:44px !important;color:var(--theme-palette-color-6, #FFD84D) !important;}@media screen and (max-width:999px){.stk-98c76d6 .stk-block-heading__text{font-size:35px !important;}}<\/style><h2 class=\"stk-block-heading__text has-text-color has-text-align-center\">Susisiekite su mumis<\/h2><\/div>\n<\/div><\/div><\/div>\n<\/div><\/div>\n\n<div class=\"wp-block-stackable-columns alignfull stk-block-columns stk-block stk-31c3498 stk-block-background\" data-block-id=\"31c3498\"><style>.stk-31c3498 {background-color:var(--theme-palette-color-9, #FFFBE8) !important;padding-top:100px !important;padding-bottom:100px !important;margin-bottom:0px !important;}.stk-31c3498:before{background-color:var(--theme-palette-color-9, #FFFBE8) !important;}.stk-31c3498-column{--stk-column-gap:100px !important;row-gap:50px !important;}@media screen and (max-width:999px){.stk-31c3498 {padding-top:60px !important;padding-bottom:60px !important;}}<\/style><div class=\"stk-row stk-inner-blocks stk-block-content stk-content-align stk-31c3498-column\">\n<div class=\"wp-block-stackable-column stk-block-column stk-column stk-block stk-8064661 stk-block-background\" data-v=\"4\" data-block-id=\"8064661\"><style>.stk-8064661-container{margin-top:0px !important;margin-right:0px !important;margin-bottom:0px !important;margin-left:0px !important;}.stk-8064661 {background-color:var(--theme-palette-color-8, #ffffff) !important;border-top-left-radius:16px !important;border-top-right-radius:16px !important;border-bottom-right-radius:16px !important;border-bottom-left-radius:16px !important;overflow:hidden !important;border-style:solid !important;border-color:var(--theme-palette-color-6, #FFD84D) !important;border-top-width:2px !important;border-right-width:2px !important;border-bottom-width:2px !important;border-left-width:2px !important;align-items:flex-start !important;padding-top:64px !important;padding-right:64px !important;padding-bottom:64px !important;padding-left:64px !important;display:flex !important;}.stk-8064661:before{background-color:var(--theme-palette-color-8, #ffffff) !important;}@media screen and (min-width:690px){.stk-8064661 {flex:var(--stk-flex-grow, 1) 1 calc(45% - var(--stk-column-gap, 0px) * 1 \/ 2 ) !important;}}@media screen and (min-width:690px) and (max-width:999px){.stk-8064661 {flex:var(--stk-flex-grow, 1) 1 calc(100% - var(--stk-column-gap, 0px) * 0 \/ 1 ) !important;}}@media screen and (max-width:999px){.stk-8064661 {padding-top:60px !important;padding-right:60px !important;padding-bottom:60px !important;padding-left:60px !important;}}@media screen and (max-width:689px){.stk-8064661 {padding-right:40px !important;padding-left:40px !important;}}<\/style><div class=\"stk-column-wrapper stk-block-column__content stk-container stk-8064661-container stk--no-background stk--no-padding\"><div class=\"stk-block-content stk-inner-blocks stk-8064661-inner-blocks\">\n<div class=\"wp-block-stackable-heading stk-block-heading stk-block-heading--v2 stk-block stk-7c221f7\" id=\"&#x1F4E6;-questions-about-your-order\" data-block-id=\"7c221f7\"><style>.stk-7c221f7 {margin-bottom:8px !important;}.stk-7c221f7 .stk-block-heading__text{color:var(--theme-palette-color-4, #190020) !important;line-height:1.2em !important;}<\/style><h4 class=\"stk-block-heading__text has-text-color has-text-align-left-mobile\">\ud83d\udce6 Klausimai apie u\u017esakymus?<\/h4><\/div>\n\n\n\n<div class=\"wp-block-stackable-text stk-block-text stk-block stk-28b441e\" data-block-id=\"28b441e\"><style>.stk-28b441e .stk-block-text__text{font-size:16px !important;}@media screen and (max-width:999px){.stk-28b441e .stk-block-text__text{font-size:16px !important;}}<\/style><p class=\"stk-block-text__text\">Jei laukiate siuntos ar turite klausim\u0173 d\u0117l pirkimo, prid\u0117kite savo u\u017esakymo numer\u012f \u2013 taip gal\u0117sime jums pad\u0117ti grei\u010diau.<\/p><\/div>\n\n\n\n<div class=\"wp-block-stackable-divider stk-block-divider stk-block stk-c794a83\" data-block-id=\"c794a83\"><style>.stk-c794a83 hr.stk-block-divider__hr{background:var(--theme-palette-color-6, #FFD84D) !important;height:2px !important;width:100% !important;}<\/style><hr class=\"stk-block-divider__hr\"\/><\/div>\n\n\n\n<div class=\"wp-block-stackable-heading stk-block-heading stk-block-heading--v2 stk-block stk-4b362c2\" id=\"&#x1F91D;-wholesale-amp-partnerships\" data-block-id=\"4b362c2\"><style>.stk-4b362c2 {margin-bottom:8px !important;}.stk-4b362c2 .stk-block-heading__text{color:var(--theme-palette-color-4, #190020) !important;line-height:1.2em !important;}<\/style><h4 class=\"stk-block-heading__text has-text-color has-text-align-left-mobile\">\ud83e\udd1d Didmena ir bendradarbiavimas<\/h4><\/div>\n\n\n\n<div class=\"wp-block-stackable-text stk-block-text stk-block stk-1a8b290\" data-block-id=\"1a8b290\"><style>.stk-1a8b290 .stk-block-text__text{font-size:16px !important;}@media screen and (max-width:999px){.stk-1a8b290 .stk-block-text__text{font-size:16px !important;}}<\/style><p class=\"stk-block-text__text\">Norite platinti Family Hero ar pasi\u016blyti bendradarbiavim\u0105?<br\/>Esame atviri prasmingoms partneryst\u0117ms ir d\u017eiaugiam\u0117s augan\u010dia bendruomene.<\/p><\/div>\n\n\n\n<div class=\"wp-block-stackable-divider stk-block-divider stk-block stk-2cf490f\" data-block-id=\"2cf490f\"><style>.stk-2cf490f hr.stk-block-divider__hr{background:var(--theme-palette-color-6, #FFD84D) !important;height:2px !important;width:100% !important;}<\/style><hr class=\"stk-block-divider__hr\"\/><\/div>\n\n\n\n<div class=\"wp-block-stackable-columns stk-block-columns stk-block stk-243ab4d\" data-block-id=\"243ab4d\"><style>.stk-243ab4d .stk--block-align-243ab4d{align-items:center !important;}.stk-243ab4d-column{--stk-columns-spacing:0px !important;--stk-column-gap:0px !important;}<\/style><div class=\"stk-row stk-inner-blocks stk--block-align-243ab4d stk-block-content stk-content-align stk-243ab4d-column\">\n<div class=\"wp-block-stackable-column stk-block-column stk-column stk-block stk-1638d59\" data-v=\"4\" data-block-id=\"1638d59\"><div class=\"stk-column-wrapper stk-block-column__content stk-container stk-1638d59-container stk--no-background stk--no-padding\"><div class=\"stk-block-content stk-inner-blocks stk-1638d59-inner-blocks\">\n<div class=\"wp-block-stackable-icon-label stk-block-icon-label stk-block stk-95dad39\" data-block-id=\"95dad39\"><style>.stk-95dad39 .stk-inner-blocks{gap:16px !important;}<\/style><div class=\"stk-row stk-inner-blocks stk-block-content\">\n<div class=\"wp-block-stackable-icon stk-block-icon has-text-align-left stk-block stk-aadf46f\" data-block-id=\"aadf46f\"><style>.stk-aadf46f .stk--svg-wrapper .stk--inner-svg svg:last-child{height:24px !important;width:24px !important;}.stk-aadf46f .stk--svg-wrapper .stk--inner-svg svg:last-child, .stk-aadf46f .stk--svg-wrapper .stk--inner-svg svg:last-child :is(g, path, rect, polygon, ellipse){fill:var(--theme-palette-color-1, #5339AD) !important;}<\/style><span class=\"stk--svg-wrapper\"><div class=\"stk--inner-svg\"><svg style=\"height:0;width:0\"><defs><lineargradient id=\"linear-gradient-aadf46f\" x1=\"0\" x2=\"100%\" y1=\"0\" y2=\"0\"><stop offset=\"0%\" style=\"stop-opacity:1;stop-color:var(--linear-gradient-aadf-46-f-color-1)\"><\/stop><stop offset=\"100%\" style=\"stop-opacity:1;stop-color:var(--linear-gradient-aadf-46-f-color-2)\"><\/stop><\/lineargradient><\/defs><\/svg><svg xmlns=\"http:\/\/www.w3.org\/2000\/svg\" viewbox=\"0 0 512 512\" aria-hidden=\"true\" width=\"32\" height=\"32\"><path d=\"M64 112c-8.8 0-16 7.2-16 16v22.1L220.5 291.7c20.7 17 50.4 17 71.1 0L464 150.1V128c0-8.8-7.2-16-16-16H64zM48 212.2V384c0 8.8 7.2 16 16 16H448c8.8 0 16-7.2 16-16V212.2L322 328.8c-38.4 31.5-93.7 31.5-132 0L48 212.2zM0 128C0 92.7 28.7 64 64 64H448c35.3 0 64 28.7 64 64V384c0 35.3-28.7 64-64 64H64c-35.3 0-64-28.7-64-64V128z\"><\/path><\/svg><\/div><\/span><\/div>\n\n\n\n<div class=\"wp-block-stackable-heading stk-block-heading stk-block-heading--v2 stk-block stk-4835633\" id=\"a-href-mailto-hi-familyherogame-com-hi-familyherogame-com-a\" data-block-id=\"4835633\"><style>.stk-4835633 .stk-block-heading__text{font-size:16px !important;}@media screen and (max-width:999px){.stk-4835633 .stk-block-heading__text{font-size:16px !important;}}<\/style><h4 class=\"stk-block-heading__text\"><a href=\"mailto:hi@familyherogame.com\">hi@familyherogame.com<\/a><\/h4><\/div>\n<\/div><\/div>\n<\/div><\/div><\/div>\n<\/div><\/div>\n\n\n\n<div class=\"wp-block-stackable-divider stk-block-divider stk-block stk-f420708\" data-block-id=\"f420708\"><style>.stk-f420708 hr.stk-block-divider__hr{background:var(--theme-palette-color-6, #FFD84D) !important;height:2px !important;width:100% !important;}<\/style><hr class=\"stk-block-divider__hr\"\/><\/div>\n\n\n<div class=\"ct-block-wrapper\">\n\n<h3 class=\"wp-block-heading has-medium-font-size\">\ud83d\udcac Socialiniai tinklai<\/h3>\n\n\n<div class=\"ct-socials-block\" style=\"--theme-icon-color:var(--wp--preset--color--palette-color-4);--theme-icon-hover-color:var(--wp--preset--color--palette-color-1);--theme-icon-size:32px;--items-spacing:24px;\">\n\t\t<div class=\"ct-social-box\" data-color=\"default\" data-icons-type=\"simple\" style=\"\" >\n\t\t\t\n\t\t\t\n\t\t\t\t\t\t\t\n\t\t\t\t<a href=\"https:\/\/www.facebook.com\/profile.php?id=61575523174647\" data-network=\"facebook\" aria-label=\"Facebook\">\n\t\t\t\t\t<span class=\"ct-icon-container\">\n\t\t\t\t\t<svg\n\t\t\t\t\twidth=\"20px\"\n\t\t\t\t\theight=\"20px\"\n\t\t\t\t\tviewBox=\"0 0 20 20\"\n\t\t\t\t\taria-hidden=\"true\">\n\t\t\t\t\t\t<path d=\"M20,10.1c0-5.5-4.5-10-10-10S0,4.5,0,10.1c0,5,3.7,9.1,8.4,9.9v-7H5.9v-2.9h2.5V7.9C8.4,5.4,9.9,4,12.2,4c1.1,0,2.2,0.2,2.2,0.2v2.5h-1.3c-1.2,0-1.6,0.8-1.6,1.6v1.9h2.8L13.9,13h-2.3v7C16.3,19.2,20,15.1,20,10.1z\"\/>\n\t\t\t\t\t<\/svg>\n\t\t\t\t<\/span>\t\t\t\t<\/a>\n\t\t\t\t\t\t\t\n\t\t\t\t<a href=\"https:\/\/www.instagram.com\/familyherogame\/\" data-network=\"instagram\" aria-label=\"Instagram\">\n\t\t\t\t\t<span class=\"ct-icon-container\">\n\t\t\t\t\t<svg\n\t\t\t\t\twidth=\"20\"\n\t\t\t\t\theight=\"20\"\n\t\t\t\t\tviewBox=\"0 0 20 20\"\n\t\t\t\t\taria-hidden=\"true\">\n\t\t\t\t\t\t<circle cx=\"10\" cy=\"10\" r=\"3.3\"\/>\n\t\t\t\t\t\t<path d=\"M14.2,0H5.8C2.6,0,0,2.6,0,5.8v8.3C0,17.4,2.6,20,5.8,20h8.3c3.2,0,5.8-2.6,5.8-5.8V5.8C20,2.6,17.4,0,14.2,0zM10,15c-2.8,0-5-2.2-5-5s2.2-5,5-5s5,2.2,5,5S12.8,15,10,15z M15.8,5C15.4,5,15,4.6,15,4.2s0.4-0.8,0.8-0.8s0.8,0.4,0.8,0.8S16.3,5,15.8,5z\"\/>\n\t\t\t\t\t<\/svg>\n\t\t\t\t<\/span>\t\t\t\t<\/a>\n\t\t\t\t\t\t\t\n\t\t\t\t<a href=\"https:\/\/bsky.app\/profile\/familyhero.bsky.social\" data-network=\"bluesky\" aria-label=\"Bluesky\">\n\t\t\t\t\t<span class=\"ct-icon-container\">\n\t\t\t\t\t<svg\n\t\t\t\t\twidth=\"20\"\n\t\t\t\t\theight=\"20\"\n\t\t\t\t\tviewBox=\"0 0 20 20\"\n\t\t\t\t\taria-hidden=\"true\">\n\t\t\t\t\t\t<path d=\"M4.3 2.4C6.6 4.1 9.1 7.6 10 9.5v5c0-.1 0 0-.1.3-.5 1.4-2.3 6.8-6.5 2.5C1.2 15 2.2 12.7 6.3 12c-2.3.4-4.9-.3-5.6-2.8C.5 8.5.1 3.9.1 3.3 0 .1 2.7 1.1 4.3 2.4Zm11.4 0c-2.3 1.7-4.8 5.2-5.7 7.1v5c0-.1 0 0 .1.3.5 1.4 2.3 6.8 6.5 2.5 2.2-2.3 1.2-4.6-2.9-5.3 2.3.4 4.9-.3 5.6-2.8.2-.7.6-5.3.6-5.9 0-3.1-2.7-2.1-4.3-.9Z\"\/>\n\t\t\t\t\t<\/svg>\n\t\t\t\t<\/span>\t\t\t\t<\/a>\n\t\t\t\n\t\t\t\n\t\t\t\t\t<\/div>\n\n\t<\/div>\n<\/div><\/div><\/div><\/div>\n\n\n\n<div class=\"wp-block-stackable-column stk-block-column stk-column stk-block stk-086a5e2\" data-v=\"4\" data-block-id=\"086a5e2\"><style>.stk-086a5e2-container{margin-top:0px !important;margin-right:0px !important;margin-bottom:0px !important;margin-left:0px !important;}.stk-086a5e2 {align-self:center !important;}@media screen and (min-width:690px){.stk-086a5e2 {flex:var(--stk-flex-grow, 1) 1 calc(55% - var(--stk-column-gap, 0px) * 1 \/ 2 ) !important;}}@media screen and (min-width:690px) and (max-width:999px){.stk-086a5e2 {flex:var(--stk-flex-grow, 1) 1 calc(100% - var(--stk-column-gap, 0px) * 0 \/ 1 ) !important;}}<\/style><div class=\"stk-column-wrapper stk-block-column__content stk-container stk-086a5e2-container stk--no-background stk--no-padding\"><div class=\"has-text-align-center-mobile stk-block-content stk-inner-blocks stk-086a5e2-inner-blocks\">\n<div class=\"wp-block-stackable-heading stk-block-heading stk-block-heading--v2 stk-block stk-3e105cc\" id=\"wed-love-to-hear-from-you\" data-block-id=\"3e105cc\"><style>.stk-3e105cc {margin-bottom:16px !important;}.stk-3e105cc .stk-block-heading__text{color:var(--theme-palette-color-4, #190020) !important;line-height:1.2em !important;}@media screen and (max-width:999px){.stk-3e105cc .stk-block-heading__text{font-size:25px !important;}}<\/style><h2 class=\"stk-block-heading__text has-text-color\">Mums bus labai malonu jus i\u0161girsti!<\/h2><\/div>\n\n\n\n<p>Nesvarbu, ar jums \u012fdomu, kaip \u017eaisti, ar reikia pagalbos d\u0117l u\u017esakymo \u2013 mes esame \u010dia. <\/p>\n\n\n\n<p>Esame ma\u017eas, \u0161eimos kuriamas projektas, tod\u0117l kiekvien\u0105 \u017einut\u0119 perskaitome.<\/p>\n\n\n<div class=\"wpforms-container fhg-contact-form wpforms-block wpforms-block-e7b69f52-ab38-458b-a981-eb3d6c992b33 ct-contact-wpforms wpforms-render-modern\" id=\"wpforms-443\"><form id=\"wpforms-form-443\" class=\"wpforms-validate wpforms-form wpforms-ajax-form\" data-formid=\"443\" method=\"post\" enctype=\"multipart\/form-data\" action=\"\/lt\/wp-json\/wp\/v2\/pages\/2139\" data-token=\"67824beda6a7553aecd8eded9d4ccba0\" data-token-time=\"1776364268\"><noscript class=\"wpforms-error-noscript\">Please enable JavaScript in your browser to complete this form.<\/noscript><div id=\"wpforms-error-noscript\" style=\"display: none;\">Please enable JavaScript in your browser to complete this form.<\/div><div class=\"wpforms-field-container\"><div id=\"wpforms-443-field_0-container\" class=\"wpforms-field wpforms-field-name wpforms-one-half wpforms-first\" data-field-id=\"0\"><label class=\"wpforms-field-label wpforms-label-hide\" for=\"wpforms-443-field_0\" aria-hidden=\"false\">Name <span class=\"wpforms-required-label\" aria-hidden=\"true\">*<\/span><\/label><input type=\"text\" id=\"wpforms-443-field_0\" class=\"wpforms-field-large wpforms-field-required\" name=\"wpforms[fields][0]\" placeholder=\"Name *\" aria-errormessage=\"wpforms-443-field_0-error\" required><\/div>\t\t<div id=\"wpforms-443-field_3-container\"\n\t\t\tclass=\"wpforms-field wpforms-field-text\"\n\t\t\tdata-field-type=\"text\"\n\t\t\tdata-field-id=\"3\"\n\t\t\t>\n\t\t\t<label class=\"wpforms-field-label\" for=\"wpforms-443-field_3\" >Message Your Name<\/label>\n\t\t\t<input type=\"text\" id=\"wpforms-443-field_3\" class=\"wpforms-field-medium\" name=\"wpforms[fields][3]\" >\n\t\t<\/div>\n\t\t<div id=\"wpforms-443-field_1-container\" class=\"wpforms-field wpforms-field-email wpforms-one-half\" data-field-id=\"1\"><label class=\"wpforms-field-label wpforms-label-hide\" for=\"wpforms-443-field_1\" aria-hidden=\"false\">Email <span class=\"wpforms-required-label\" aria-hidden=\"true\">*<\/span><\/label><input type=\"email\" id=\"wpforms-443-field_1\" class=\"wpforms-field-large wpforms-field-required\" name=\"wpforms[fields][1]\" placeholder=\"Email Address *\" spellcheck=\"false\" aria-errormessage=\"wpforms-443-field_1-error\" required><\/div><div id=\"wpforms-443-field_2-container\" class=\"wpforms-field wpforms-field-textarea wpforms-first\" data-field-id=\"2\"><label class=\"wpforms-field-label wpforms-label-hide\" for=\"wpforms-443-field_2\" aria-hidden=\"false\">Your Message <span class=\"wpforms-required-label\" aria-hidden=\"true\">*<\/span><\/label><textarea id=\"wpforms-443-field_2\" class=\"wpforms-field-large wpforms-field-required\" name=\"wpforms[fields][2]\" placeholder=\"Your Message *\" aria-errormessage=\"wpforms-443-field_2-error\" required><\/textarea><\/div><script>\n\t\t\t\t( function() {\n\t\t\t\t\tconst style = document.createElement( 'style' );\n\t\t\t\t\tstyle.appendChild( document.createTextNode( '#wpforms-443-field_3-container { position: absolute !important; overflow: hidden !important; display: inline !important; height: 1px !important; width: 1px !important; z-index: -1000 !important; padding: 0 !important; } #wpforms-443-field_3-container input { visibility: hidden; } #wpforms-conversational-form-page #wpforms-443-field_3-container label { counter-increment: none; }' ) );\n\t\t\t\t\tdocument.head.appendChild( style );\n\t\t\t\t\tdocument.currentScript?.remove();\n\t\t\t\t} )();\n\t\t\t<\/script><\/div><!-- .wpforms-field-container --><div class=\"wpforms-recaptcha-container wpforms-is-recaptcha wpforms-is-recaptcha-type-v3\" ><input type=\"hidden\" name=\"wpforms[recaptcha]\" value=\"\"><\/div><div class=\"wpforms-submit-container\" ><input type=\"hidden\" name=\"wpforms[id]\" value=\"443\"><input type=\"hidden\" name=\"page_title\" value=\"\"><input type=\"hidden\" name=\"page_url\" value=\"https:\/\/familyherogame.com\/lt\/wp-json\/wp\/v2\/pages\/2139\"><input type=\"hidden\" name=\"url_referer\" value=\"\"><button type=\"submit\" name=\"wpforms[submit]\" id=\"wpforms-submit-443\" class=\"wpforms-submit\" data-alt-text=\"siun\u010diama...\" data-submit-text=\"Send Message\" aria-live=\"assertive\" value=\"wpforms-submit\">Send Message<\/button><img loading=\"lazy\" decoding=\"async\" src=\"https:\/\/familyherogame.com\/wp-content\/plugins\/wpforms-lite\/assets\/images\/submit-spin.svg\" class=\"wpforms-submit-spinner\" style=\"display: none;\" width=\"26\" height=\"26\" alt=\"Loading\"><\/div><\/form><\/div>  <!-- .wpforms-container --><\/div><\/div><\/div>\n<\/div><\/div>\n\n<div class=\"wp-block-stackable-spacer stk-block-spacer stk--no-padding stk-block stk-7e2ab21\" data-block-id=\"7e2ab21\"><style>.stk-7e2ab21 {height:100px !important;}@media screen and (max-width:999px){.stk-7e2ab21 {height:60px !important;}}<\/style><\/div>\n","protected":false},"excerpt":{"rendered":"<p>Susisiekite su mumis \ud83d\udce6 Klausimai apie u\u017esakymus? Jei laukiate siuntos ar turite klausim\u0173 d\u0117l pirkimo, prid\u0117kite savo u\u017esakymo numer\u012f \u2013 taip gal\u0117sime jums pad\u0117ti grei\u010diau. \ud83e\udd1d Didmena ir bendradarbiavimas Norite platinti Family Hero ar pasi\u016blyti bendradarbiavim\u0105?Esame atviri prasmingoms partneryst\u0117ms ir d\u017eiaugiam\u0117s augan\u010dia bendruomene. hi@familyherogame.com Mums bus labai malonu jus i\u0161girsti! Nesvarbu, ar jums \u012fdomu, kaip [&hellip;]<\/p>\n","protected":false},"author":1,"featured_media":0,"parent":0,"menu_order":0,"comment_status":"closed","ping_status":"closed","template":"","meta":{"footnotes":""},"class_list":["post-2139","page","type-page","status-publish","hentry"],"blocksy_meta":{"styles_descriptor":{"styles":{"desktop":"","tablet":"","mobile":""},"google_fonts":[],"version":6},"page_title_panel":"","has_hero_section":"disabled","8d07ff3dd3664f1d231ec3d43b38a35e":"","hero_section":"type-1","hero_elements":[{"id":"custom_title","enabled":true,"heading_tag":"h1","title":"Home"},{"id":"custom_description","enabled":true,"description_visibility":{"desktop":true,"tablet":true,"mobile":false}},{"id":"custom_meta","enabled":false,"meta_elements":[{"id":"author","enabled":true,"label":"By","has_author_avatar":"yes","avatar_size":25},{"id":"post_date","enabled":true,"label":"On","date_format_source":"default","date_format":"M j, Y"},{"id":"updated_date","enabled":false,"label":"On","date_format_source":"default","date_format":"M j, Y"},{"id":"categories","enabled":false,"label":"In","style":"simple"},{"id":"comments","enabled":true}],"page_meta_elements":{"joined":true,"articles_count":true,"comments":true}},{"id":"breadcrumbs","enabled":false}],"e451be21763044616b9d1df5f0fb8953":"","hero_alignment1":"CT_CSS_SKIP_RULE","hero_margin":40,"hero_alignment2":"center","hero_vertical_alignment":"center","5d66640dc7753ec691c257da1cdb5132":"","hero_structure":"narrow","f8e2fbe7bedbf952866b83ba5ef6052c":"","page_title_bg_type":"featured_image","custom_hero_background":{"attachment_id":null},"page_title_image_size":"full","parallax":{"desktop":false,"tablet":false,"mobile":false},"ee180fac99ef3277fa1c79b32b367421":"","hero_height":"250px","pageTitleFont":{"family":"Default","variation":"Default","size":"30px","line-height":"CT_CSS_SKIP_RULE","letter-spacing":"CT_CSS_SKIP_RULE","text-transform":"CT_CSS_SKIP_RULE","text-decoration":"CT_CSS_SKIP_RULE"},"pageTitleFontColor":{"default":{"color":"CT_CSS_SKIP_RULEDEFAULT"}},"pageMetaFont":{"family":"Default","variation":"n6","size":"12px","line-height":"1.3","letter-spacing":"CT_CSS_SKIP_RULE","text-transform":"uppercase","text-decoration":"CT_CSS_SKIP_RULE"},"pageMetaFontColor":{"default":{"color":"CT_CSS_SKIP_RULEDEFAULT"},"hover":{"color":"CT_CSS_SKIP_RULEDEFAULT"}},"page_meta_button_type_font_colors":{"default":{"color":"CT_CSS_SKIP_RULEDEFAULT"},"hover":{"color":"CT_CSS_SKIP_RULEDEFAULT"}},"page_meta_button_type_background_colors":{"default":{"color":"CT_CSS_SKIP_RULEDEFAULT"},"hover":{"color":"CT_CSS_SKIP_RULEDEFAULT"}},"pageExcerptFont":{"family":"Default","variation":"Default","size":"CT_CSS_SKIP_RULE","line-height":"CT_CSS_SKIP_RULE","letter-spacing":"CT_CSS_SKIP_RULE","text-transform":"CT_CSS_SKIP_RULE","text-decoration":"CT_CSS_SKIP_RULE"},"pageExcerptColor":{"default":{"color":"CT_CSS_SKIP_RULEDEFAULT"}},"breadcrumbsFont":{"family":"Default","variation":"Default","size":"CT_CSS_SKIP_RULE","line-height":"CT_CSS_SKIP_RULE","letter-spacing":"CT_CSS_SKIP_RULE","text-transform":"CT_CSS_SKIP_RULE","text-decoration":"CT_CSS_SKIP_RULE"},"breadcrumbsFontColor":{"default":{"color":"CT_CSS_SKIP_RULEDEFAULT"},"initial":{"color":"CT_CSS_SKIP_RULEDEFAULT"},"hover":{"color":"CT_CSS_SKIP_RULEDEFAULT"}},"pageTitleOverlay":{"background_type":"color","background_pattern":"type-1","background_image":{"attachment_id":null,"x":0,"y":0},"gradient":"linear-gradient(135deg,rgba(6,147,227,1) 0%,rgb(155,81,224) 100%)","background_repeat":"repeat","background_size":"auto","background_attachment":"scroll","patternColor":{"default":{"color":"#e5e7ea"}},"overlayColor":{"default":{"color":"CT_CSS_SKIP_RULE"}},"backgroundColor":{"default":{"color":"CT_CSS_SKIP_RULE"}}},"pageTitleBackground":{"background_type":"color","background_pattern":"type-1","background_image":{"attachment_id":null,"x":0,"y":0},"gradient":"linear-gradient(135deg,rgba(6,147,227,1) 0%,rgb(155,81,224) 100%)","background_repeat":"repeat","background_size":"auto","background_attachment":"scroll","patternColor":{"default":{"color":"#e5e7ea"}},"overlayColor":{"default":{"color":"CT_CSS_SKIP_RULE"}},"backgroundColor":{"default":{"color":"var(--theme-palette-color-6)"}}},"pageTitlePadding":{"top":"50px","bottom":"50px","left":"auto","right":"auto","linked":true},"298f248e42386fd78d52f6b2c45b1f3a":"","page_structure_type":"default","c5ab198fea8c0cc3dc3732264398b61f":"","content_style_source":"inherit","content_style":"wide","vertical_spacing_source":"custom","content_area_spacing":"none","background":{"background_type":"color","background_pattern":"type-1","background_image":{"attachment_id":null,"x":0,"y":0},"gradient":"linear-gradient(135deg,rgba(6,147,227,1) 0%,rgb(155,81,224) 100%)","background_repeat":"repeat","background_size":"auto","background_attachment":"scroll","patternColor":{"default":{"color":"#e5e7ea"}},"overlayColor":{"default":{"color":"CT_CSS_SKIP_RULE"}},"backgroundColor":{"default":{"color":"CT_CSS_SKIP_RULE"}}},"content_background":{"background_type":"color","background_pattern":"type-1","background_image":{"attachment_id":null,"x":0,"y":0},"gradient":"linear-gradient(135deg,rgba(6,147,227,1) 0%,rgb(155,81,224) 100%)","background_repeat":"repeat","background_size":"auto","background_attachment":"scroll","patternColor":{"default":{"color":"#e5e7ea"}},"overlayColor":{"default":{"color":"CT_CSS_SKIP_RULE"}},"backgroundColor":{"default":{"color":"var(--theme-palette-color-8)"}}},"content_boxed_shadow":{"inherit":false,"blur":18,"spread":-6,"v_offset":12,"h_offset":0,"inset":false,"enable":true,"color":{"color":"rgba(34, 56, 101, 0.04)"}},"content_boxed_border":{"width":1,"style":"none","color":{"color":"rgba(44,62,80,0.2)"}},"content_boxed_radius":{"top":"3px","bottom":"3px","left":"3px","right":"3px","linked":true},"boxed_content_spacing":{"desktop":{"top":"40px","bottom":"40px","left":"40px","right":"40px","linked":true},"tablet":{"top":"35px","bottom":"35px","left":"35px","right":"35px","linked":true},"mobile":{"top":"20px","bottom":"20px","left":"20px","right":"20px","linked":true}},"e128a70c09d749b65852ce78fd63c08e":"","disable_featured_image":"no","disable_share_box":"no","disable_header":"no","disable_footer":"no"},"_hostinger_reach_plugin_has_subscription_block":false,"_hostinger_reach_plugin_is_elementor":false,"_links":{"self":[{"href":"https:\/\/familyherogame.com\/lt\/wp-json\/wp\/v2\/pages\/2139","targetHints":{"allow":["GET"]}}],"collection":[{"href":"https:\/\/familyherogame.com\/lt\/wp-json\/wp\/v2\/pages"}],"about":[{"href":"https:\/\/familyherogame.com\/lt\/wp-json\/wp\/v2\/types\/page"}],"author":[{"embeddable":true,"href":"https:\/\/familyherogame.com\/lt\/wp-json\/wp\/v2\/users\/1"}],"replies":[{"embeddable":true,"href":"https:\/\/familyherogame.com\/lt\/wp-json\/wp\/v2\/comments?post=2139"}],"version-history":[{"count":2,"href":"https:\/\/familyherogame.com\/lt\/wp-json\/wp\/v2\/pages\/2139\/revisions"}],"predecessor-version":[{"id":2155,"href":"https:\/\/familyherogame.com\/lt\/wp-json\/wp\/v2\/pages\/2139\/revisions\/2155"}],"wp:attachment":[{"href":"https:\/\/familyherogame.com\/lt\/wp-json\/wp\/v2\/media?parent=2139"}],"curies":[{"name":"wp","href":"https:\/\/api.w.org\/{rel}","templated":true}]}}