{"id":1705,"date":"2025-04-26T09:02:56","date_gmt":"2025-04-26T09:02:56","guid":{"rendered":"https:\/\/familyherogame.com\/taisykles\/"},"modified":"2025-06-16T18:04:23","modified_gmt":"2025-06-16T18:04:23","slug":"taisykles","status":"publish","type":"page","link":"https:\/\/familyherogame.com\/lt\/taisykles\/","title":{"rendered":"Taisykl\u0117s"},"content":{"rendered":"\n<h1 class=\"wp-block-heading\">\u017daidimo taisykl\u0117s<\/h1>\n\n<blockquote class=\"wp-block-quote is-layout-flow wp-block-quote-is-layout-flow\">\n<h3 class=\"wp-block-heading has-palette-color-1-color has-text-color has-link-color wp-elements-87a82fc3e60d7564b659d4ab6d3e72ae\">\u0160iame puslapyje rasite visk\u0105, k\u0105 reikia \u017einoti norint \u017eaisti Family Hero namuose. Rekomenduojame \u0161ias taisykles perskaityti kartu su visa \u0161eima prie\u0161 pradedant pirm\u0105j\u0105 \u017eaidimo savait\u0119. <\/h3>\n<\/blockquote>\n\n<h2 class=\"wp-block-heading\">1. \u017daidimo tikslas<\/h2>\n\n<p>Family Hero \u2013 tai savaitinio ritmo \u017eaidimas, kuriame kiekvienas \u017eaid\u0117jas atlieka u\u017eduotis, renka \u017eetonus ir siekia tapti Savait\u0117s herojumi.<\/p>\n\n<p>Pagrindinis tikslas \u2013 stiprinti \u0161eimos ry\u0161\u012f, kurti sveikus \u012fpro\u010dius ir kartu planuoti prasming\u0105 laik\u0105. Visa tai vyksta linksmai, teisingai ir motyvuojan\u010diai.<\/p>\n\n<h2 class=\"wp-block-heading\">2. \u017daidimo komponentai<\/h2>\n\n<p>Piln\u0105 Family Hero \u017eaidimo rinkin\u012f sudaro:<\/p>\n\n<ul class=\"wp-block-list\">\n<li><strong>U\u017eduo\u010di\u0173 kortel\u0117s<\/strong> \u2013 kasdien\u0117s u\u017eduotys ir \u012fpro\u010diai paversti \u017eaidimo i\u0161\u0161\u016bkiais<\/li>\n\n\n\n<li><strong>Tu\u0161\u010dios u\u017eduo\u010di\u0173 kortel\u0117s<\/strong> \u2013 savoms u\u017eduotims sukurti<\/li>\n\n\n\n<li><strong>Heroj\u0173 kortel\u0117s<\/strong> \u2013 pasirinkite savo tapatyb\u0119 i\u0161 keturi\u0173 stichij\u0173: Ugnis, \u017dem\u0117, Oras, Vanduo<\/li>\n\n\n\n<li><strong>\u0160eimos veikl\u0173 kortel\u0117s<\/strong> \u2013 smagios veiklos, suskirstytos pagal stichijas<\/li>\n\n\n\n<li><strong>U\u017eduoties vert\u0117s lipdukai<\/strong> (Moneta, \u017denklelis, Deimantas, Lobi\u0173 skrynia) \u2013 u\u017eduo\u010di\u0173 sunkumui ir \u017eeton\u0173 vertei nustatyti<\/li>\n\n\n\n<li><strong>Modulin\u0117 \u017eaidimo lenta (standartin\u0117)<\/strong>\n<ul class=\"wp-block-list\">\n<li>1 <strong>savait\u0117s kalendoriaus<\/strong> skyrius (\u0161eimos veiklai planuoti)<\/li>\n\n\n\n<li>4 <strong>heroj\u0173 pa\u017eangos skyriai <\/strong>(po vien\u0105 kiekvienam \u017eaid\u0117jui, galima i\u0161pl\u0117sti)<\/li>\n<\/ul>\n<\/li>\n\n\n\n<li>Pasirinktinai: <strong>\u017deton\u0173 rinkinys<\/strong> \u2013 naudojamas kaip apdovanojimai (arba galima pakeisti monetomis\/ta\u0161kais)<\/li>\n\n\n\n<li>Pasirinktinai: <strong>\u017deton\u0173 saugykla<\/strong> arba atskiri <strong>\u017eaid\u0117j\u0173 mai\u0161eliai<\/strong> saugojimui<\/li>\n<\/ul>\n\n<h2 class=\"wp-block-heading\">3. Startas (savait\u0117s prad\u017eia)<\/h2>\n\n<h3 class=\"wp-block-heading\">I\u0161sirinkite savo heroj\u0173<\/h3>\n\n<p>Kiekvienas \u017eaid\u0117jas pasirenka <strong>herojaus kortel\u0119<\/strong> i\u0161 vienos i\u0161 keturi\u0173 element\u0173 frakcij\u0173:<\/p>\n\n<div class=\"wp-block-stackable-icon-label stk-block-icon-label stk-block-icon-label--use-flex-basis stk-block stk-b563799\" data-block-id=\"b563799\"><style>.stk-b563799 {margin-bottom:8px !important;}<\/style><div class=\"stk-row stk-inner-blocks stk-block-content\">\n<div class=\"wp-block-stackable-icon stk-block-icon has-text-align-left stk-block stk-877253d\" data-block-id=\"877253d\"><style>.stk-877253d .stk--svg-wrapper .stk--inner-svg svg:last-child{height:40px !important;width:40px !important;}<\/style><span class=\"stk--svg-wrapper\"><div class=\"stk--inner-svg\"><svg style=\"height:0;width:0\"><defs><lineargradient id=\"linear-gradient-877253d\" x1=\"0\" x2=\"100%\" y1=\"0\" y2=\"0\"><stop offset=\"0%\" style=\"stop-opacity:1;stop-color:var(--linear-gradient-877253-d-color-1)\"><\/stop><stop offset=\"100%\" style=\"stop-opacity:1;stop-color:var(--linear-gradient-877253-d-color-2)\"><\/stop><\/lineargradient><\/defs><\/svg><svg class=\"ugb-custom-icon\" viewbox=\"0 0 128 128\" fill=\"none\" xmlns=\"http:\/\/www.w3.org\/2000\/svg\" aria-hidden=\"true\" width=\"32\" height=\"32\">\n<path d=\"M64.1875 16C37.5743 16 16 37.5743 16 64.1875C16 90.8007 37.5743 112.375 64.1875 112.375C90.8007 112.375 112.375 90.8007 112.375 64.1875C112.375 37.5743 90.8007 16 64.1875 16Z\" fill=\"#190020\" stroke=\"#190020\" stroke-width=\"6\"><\/path>\n<circle cx=\"64.1875\" cy=\"64.1875\" r=\"42.1875\" fill=\"#CBA3FE\"><\/circle>\n<circle cx=\"64.1875\" cy=\"64.1875\" r=\"42.1875\" stroke=\"#5339AD\" stroke-width=\"6\"><\/circle>\n<path d=\"M66.1486 91.6202C58.003 91.6202 51.7211 89.0387 49.0444 87M66.1486 91.6202C67.8707 91.6202 69.5959 91.3711 71.2873 90.8979M66.1486 91.6202C67.6431 91.5512 69.3936 91.3244 71.2873 90.8979M49.0444 87C53.9824 91.8121 62.4213 96.7433 72.6278 96.7433C83.778 96.7433 95.3176 91.5975 101.875 80.6875C105.673 74.368 106.078 70.7844 106.078 64.1967C106.078 40.0637 86.5148 22 62.3817 22C69.1622 22 96.7363 32.4036 96.7363 58.1696C96.7363 80.0041 81.8042 88.5295 71.2873 90.8979M49.0444 87C48.5879 86.5551 48.1612 86.1112 47.7659 85.6722M49.0444 87C48.4037 86.512 47.9696 86.0552 47.7659 85.6722M47.7659 85.6722C44.5224 82.4288 39.7799 76.251 39.7799 66.1556C39.7799 58.471 45.6564 46.1153 58.6147 46.1153C72.6278 46.1153 76.2441 56.5121 76.2441 62.0872C76.2441 67.6623 73.5319 75.1963 64.1898 75.1963C54.8477 75.1963 52.8889 68.1144 52.8889 65.2515C52.8889 62.3886 54.6971 56.6628 60.8749 56.6628C66.1486 56.6628 67.5047 60.4298 67.5047 62.5393C67.5047 65.1008 65.6966 66.1555 64.1898 66.9089M71.2873 90.8979C81.2876 88.1004 90.1065 77.4714 90.1065 64.1967C90.1065 34.8144 59.875 30.625 52.2862 30.7393C44.6974 30.8537 38.6875 31.375 31.375 37.5625\" stroke=\"#5339AD\" stroke-width=\"6\"><\/path>\n<\/svg><\/div><\/span><\/div>\n\n\n\n<div class=\"wp-block-stackable-heading stk-block-heading stk-block-heading--v2 stk-block stk-7d303ee\" id=\"air-curious-thoughtful\" data-block-id=\"7d303ee\"><h4 class=\"stk-block-heading__text\">Oras \u2013 smalsus, susim\u0105st\u0119s<\/h4><\/div>\n<\/div><\/div>\n\n<div class=\"wp-block-stackable-icon-label stk-block-icon-label stk-block-icon-label--use-flex-basis stk-block stk-f709651\" data-block-id=\"f709651\"><style>.stk-f709651 {margin-bottom:8px !important;}<\/style><div class=\"stk-row stk-inner-blocks stk-block-content\">\n<div class=\"wp-block-stackable-icon stk-block-icon has-text-align-left stk-block stk-ec2fd40\" data-block-id=\"ec2fd40\"><style>.stk-ec2fd40 .stk--svg-wrapper .stk--inner-svg svg:last-child{height:40px !important;width:40px !important;}<\/style><span class=\"stk--svg-wrapper\"><div class=\"stk--inner-svg\"><svg style=\"height:0;width:0\"><defs><lineargradient id=\"linear-gradient-ec2fd40\" x1=\"0\" x2=\"100%\" y1=\"0\" y2=\"0\"><stop offset=\"0%\" style=\"stop-opacity:1;stop-color:var(--linear-gradient-ec-2-fd-40-color-1)\"><\/stop><stop offset=\"100%\" style=\"stop-opacity:1;stop-color:var(--linear-gradient-ec-2-fd-40-color-2)\"><\/stop><\/lineargradient><\/defs><\/svg><svg class=\"ugb-custom-icon\" viewbox=\"0 0 128 128\" fill=\"none\" xmlns=\"http:\/\/www.w3.org\/2000\/svg\" aria-hidden=\"true\" width=\"32\" height=\"32\">\n<path d=\"M66.2803 18.4734L63.7706 14.2278L61.1546 18.4087L46.0773 42.5039L35.163 31.1473L30 25.775V33.2261V80.105V80.2395L30.012 80.3734L30.0211 80.4747C30.0212 80.4759 30.0213 80.4771 30.0214 80.4782C30.4638 85.5254 32.6 92.8595 37.6473 99.1179C42.8538 105.574 51.0328 110.697 62.8805 110.988C74.8462 111.281 83.2741 106.232 88.7258 99.7262C94.009 93.4212 96.427 85.8725 97.0764 80.6771L97.0773 80.6697L97.0961 80.516L97.1184 80.3343V80.1512V44.4836V36.3549L91.8377 42.5347L85.1378 50.3752L66.2803 18.4734Z\" fill=\"#190020\" stroke=\"#190020\" stroke-width=\"6\"><\/path>\n<path d=\"M35.4883 79.9968V39.4067L46.9966 51.3816L63.637 24.7881L84.3208 59.7795L91.6301 51.2261V79.9968C90.5415 88.7058 83.2944 105.999 63.0149 105.502C42.7354 105.004 36.214 88.2911 35.4883 79.9968Z\" fill=\"#FF6F37\" stroke=\"#B33122\" stroke-width=\"6\"><\/path>\n<path d=\"M82.6099 86.3459C82.6099 97.0729 74.1153 105.769 63.6367 105.769C53.1581 105.769 44.6636 97.0729 44.6636 86.3459C44.6636 74.3344 63.6367 46.5596 63.6367 46.5596C63.6367 46.5596 82.6099 73.3121 82.6099 86.3459Z\" fill=\"#FF9451\" stroke=\"#B33122\" stroke-width=\"6\"><\/path>\n<path d=\"M74.3679 94.5632C74.3679 100.69 69.4244 105.657 63.3262 105.657C57.228 105.657 52.2844 100.69 52.2844 94.5632C52.2844 87.491 63.3262 72.376 63.3262 72.376C63.3262 72.376 74.3679 87.075 74.3679 94.5632Z\" fill=\"#FEC046\" stroke=\"#B33122\" stroke-width=\"6\"><\/path>\n<\/svg><\/div><\/span><\/div>\n\n\n\n<div class=\"wp-block-stackable-heading stk-block-heading stk-block-heading--v2 stk-block stk-1f9fe90\" id=\"fire-energetic-creative\" data-block-id=\"1f9fe90\"><h4 class=\"stk-block-heading__text\">Ugnis \u2013 energingas, k\u016brybingas<\/h4><\/div>\n<\/div><\/div>\n\n<div class=\"wp-block-stackable-icon-label stk-block-icon-label stk-block-icon-label--use-flex-basis stk-block stk-7aed779\" data-block-id=\"7aed779\"><style>.stk-7aed779 {margin-bottom:8px !important;}<\/style><div class=\"stk-row stk-inner-blocks stk-block-content\">\n<div class=\"wp-block-stackable-icon stk-block-icon has-text-align-left stk-block stk-bb3b004\" data-block-id=\"bb3b004\"><style>.stk-bb3b004 .stk--svg-wrapper .stk--inner-svg svg:last-child{height:40px !important;width:40px !important;}<\/style><span class=\"stk--svg-wrapper\"><div class=\"stk--inner-svg\"><svg style=\"height:0;width:0\"><defs><lineargradient id=\"linear-gradient-bb3b004\" x1=\"0\" x2=\"100%\" y1=\"0\" y2=\"0\"><stop offset=\"0%\" style=\"stop-opacity:1;stop-color:var(--linear-gradient-bb-3-b-004-color-1)\"><\/stop><stop offset=\"100%\" style=\"stop-opacity:1;stop-color:var(--linear-gradient-bb-3-b-004-color-2)\"><\/stop><\/lineargradient><\/defs><\/svg><svg class=\"ugb-custom-icon\" viewbox=\"0 0 128 128\" fill=\"none\" xmlns=\"http:\/\/www.w3.org\/2000\/svg\" aria-hidden=\"true\" width=\"32\" height=\"32\">\n<path d=\"M68.2812 21.7228L68.2765 21.7165L68.2717 21.7102L66.3666 19.1907L63.9401 15.9814L61.5567 19.2228L59.6855 21.7677L59.6813 21.7733L59.5999 21.8846L59.5977 21.8876C59.5434 21.962 59.4646 22.0702 59.363 22.2106L61.7539 23.9417L59.363 22.2106C59.1597 22.4914 58.8649 22.9009 58.4916 23.4255L60.936 25.1648L58.4916 23.4256C57.7452 24.4746 56.684 25.9855 55.4126 27.8493L57.7196 29.4228L55.4126 27.8493C52.8735 31.5718 49.4796 36.7266 46.0772 42.4363C42.6849 48.1291 39.2276 54.4676 36.6025 60.5434C34.0431 66.467 32 72.7488 32 78.1313C32 95.7868 46.3363 110.082 64 110.082C81.6637 110.082 96 95.7868 96 78.1313C96 72.5307 93.9797 66.1473 91.4037 60.137C88.7729 53.9988 85.308 47.6797 81.9092 42.0396C78.5005 36.3831 75.1005 31.3146 72.5568 27.6647C71.2831 25.8372 70.2196 24.3589 69.4712 23.333L67.0477 25.1012L69.4712 23.333C69.0969 22.82 68.8011 22.4197 68.5969 22.145L68.5918 22.1382L68.2812 21.7228Z\" fill=\"#190020\" stroke=\"#190020\" stroke-width=\"6\"><\/path>\n<path d=\"M90.6451 78.1307C90.6451 92.819 78.7158 104.726 64.0004 104.726C49.2849 104.726 37.3557 92.819 37.3557 78.1307C37.3557 61.176 64.0004 24.9395 64.0004 24.9395C64.0004 24.9395 90.6451 60.1786 90.6451 78.1307Z\" fill=\"#7D87FF\" stroke=\"#2B44B5\" stroke-width=\"6\"><\/path>\n<path d=\"M76.5127 77.936C76.5127 84.9279 70.9106 90.5959 64 90.5959C57.0894 90.5959 51.4873 84.9279 51.4873 77.936C51.4873 69.8653 64 52.6162 64 52.6162C64 52.6162 76.5127 69.3906 76.5127 77.936Z\" fill=\"#B9C9FF\" stroke=\"#2B44B5\" stroke-width=\"6\"><\/path>\n<\/svg><\/div><\/span><\/div>\n\n\n\n<div class=\"wp-block-stackable-heading stk-block-heading stk-block-heading--v2 stk-block stk-ad81d7a\" id=\"water-playful-calm\" data-block-id=\"ad81d7a\"><h4 class=\"stk-block-heading__text\">Vanduo \u2013 \u017eaismingas, ramus<\/h4><\/div>\n<\/div><\/div>\n\n<div class=\"wp-block-stackable-icon-label stk-block-icon-label stk-block-icon-label--use-flex-basis stk-block stk-a7e3cba\" data-block-id=\"a7e3cba\"><div class=\"stk-row stk-inner-blocks stk-block-content\">\n<div class=\"wp-block-stackable-icon stk-block-icon has-text-align-left stk-block stk-cbcfbde\" data-block-id=\"cbcfbde\"><style>.stk-cbcfbde .stk--svg-wrapper .stk--inner-svg svg:last-child{height:40px !important;width:40px !important;}<\/style><span class=\"stk--svg-wrapper\"><div class=\"stk--inner-svg\"><svg style=\"height:0;width:0\"><defs><lineargradient id=\"linear-gradient-cbcfbde\" x1=\"0\" x2=\"100%\" y1=\"0\" y2=\"0\"><stop offset=\"0%\" style=\"stop-opacity:1;stop-color:var(--linear-gradient-cbcfbde-color-1)\"><\/stop><stop offset=\"100%\" style=\"stop-opacity:1;stop-color:var(--linear-gradient-cbcfbde-color-2)\"><\/stop><\/lineargradient><\/defs><\/svg><svg class=\"ugb-custom-icon\" viewbox=\"0 0 128 128\" fill=\"none\" xmlns=\"http:\/\/www.w3.org\/2000\/svg\" aria-hidden=\"true\" width=\"32\" height=\"32\">\n<path d=\"M65.9534 17.8493L63.8952 15.8477L61.8051 17.816L60.1138 19.4088C54.8048 24.4085 46.6819 32.5578 39.8493 41.8636C33.1723 50.9575 27 62.114 27 72.9744C27 84.4869 33.7625 92.1957 41.35 96.7614C46.8383 100.064 53.0615 101.949 58.4072 102.72V107.72V110.72H61.4072H66.2625H69.2625V107.72V102.662C74.6775 101.768 80.8878 99.5729 86.3107 95.8124C93.8167 90.6074 100.063 82.1751 100.063 70.0916C100.063 64.96 98.3445 59.7572 95.9914 54.953C93.6129 50.0971 90.4026 45.2808 87.0004 40.8258C80.1984 31.9188 72.2613 23.9839 67.6189 19.4691L65.9534 17.8493Z\" fill=\"#6BC232\" stroke=\"#190020\" stroke-width=\"6\"><\/path>\n<path d=\"M63.835 47.9177V108.001M51.2417 53.835L63.835 65.9731L75.973 53.835M46.69 67.1869L63.835 84.3319L80.3731 67.1869M63.835 23.6416C53.4165 33.4532 32.4277 55.2006 32.4277 73.2559C32.4277 91.3113 53.2142 97.9873 63.835 97.9873C74.4558 97.9873 94.6353 90.2492 94.6353 70.3732C94.6353 54.4723 73.0397 32.5934 63.835 23.6416Z\" stroke=\"#2E6213\" stroke-width=\"6\"><\/path>\n<\/svg><\/div><\/span><\/div>\n\n\n\n<div class=\"wp-block-stackable-heading stk-block-heading stk-block-heading--v2 stk-block stk-fc76b7d\" id=\"earth-grounded-nurturing\" data-block-id=\"fc76b7d\"><h4 class=\"stk-block-heading__text\">\u017dem\u0117 \u2013 \u017eemi\u0161kas, puosel\u0117jantis<\/h4><\/div>\n<\/div><\/div>\n\n<p>Pagal herojaus frakcij\u0105 bus sprend\u017eiama, kokius apdovanojimus Savait\u0117s herojus gal\u0117s pasirinkti.<\/p>\n\n<h3 class=\"wp-block-heading\">Surenkite \u0160eimos taryb\u0105<\/h3>\n\n<p>Susirinkite kaip grup\u0117 ir kartu suplanuokite savait\u0119.<\/p>\n\n<ul class=\"wp-block-list\">\n<li>Kiekvienam \u017eaid\u0117jui pasirinkite <strong>u\u017eduo\u010di\u0173 korteles<\/strong>. Jas gali paskirti t\u0117vai, pasirinkti vaikai arba tai padaryti galite visi kartu. <\/li>\n\n\n\n<li>Naudokite <strong>u\u017eduoties vert\u0117s lipdukus<\/strong>, kad nustatytum\u0117te kiekvienos u\u017eduoties sud\u0117tingumo lyg\u012f (nuo lengvo iki labai sunkaus).<\/li>\n\n\n\n<li>U\u017ed\u0117kite u\u017eduo\u010di\u0173 korteles \u012f kiekvieno \u017eaid\u0117jo <strong>\u017eaidimo lentos<\/strong> skyri\u0173.<\/li>\n<\/ul>\n\n<h3 class=\"wp-block-heading\">Paruo\u0161kite kalendori\u0173<\/h3>\n\n<p>Savait\u0117s kalendoriaus skyri\u0173 kol kas palikite tu\u0161\u010di\u0105 \u2013 savait\u0117s pabaigoje jis bus u\u017epildytas savait\u0117s herojaus pasirinktomis veiklomis.<\/p>\n\n<h2 class=\"wp-block-heading\">4. \u017daidimas (savait\u0117s metu)<\/h2>\n\n<ul class=\"wp-block-list\">\n<li>Kai \u017eaid\u0117jai atlieka u\u017eduotis, jie:\n<ul class=\"wp-block-list\">\n<li><strong>U\u017eduoties kortel\u0119<\/strong> perkelia \u012f savo lentos skyriaus lauk\u0105 \u201e\u012evykdyta\u201c<\/li>\n\n\n\n<li>U\u017edirba <strong>\u017eeton\u0173<\/strong> pagal u\u017eduoties sud\u0117tingum\u0105 (\u017er. 6 skyri\u0173)<\/li>\n\n\n\n<li>\u017detonus laiko savo mai\u0161elyje arba \u017eeton\u0173 saugykloje<\/li>\n<\/ul>\n<\/li>\n\n\n\n<li>\u0160eimos gali susitarti, kaip patikrinti u\u017eduoties \u012fvykdym\u0105 (pvz., s\u0105\u017einingumas, vizualus \u012frodymas, diskusija).<\/li>\n\n\n\n<li>Kai kurias u\u017eduotis galima atlikti <strong>kelis kartus per savait\u0119<\/strong>. Tokiu atveju, kai \u017eaid\u0117jas apdovanojamas \u017eetonais, u\u017eduoties kortel\u0119 galima gr\u0105\u017einti \u012f pradin\u0119 srit\u012f ir naudoti pakartotinai. <\/li>\n\n\n\n<li>U\u017eduotis galima atlikti bet kuriuo savait\u0117s metu, nebent \u0161eima nustato konkret\u0173 laik\u0105.<\/li>\n<\/ul>\n\n<h2 class=\"wp-block-heading\">5. Herojaus paskelbimas (savait\u0117s pabaigoje)<\/h2>\n\n<p>Savait\u0117s pabaigoje surenkite \u0161eimos susirinkim\u0105, kad pasid\u017eiaugtum\u0117te rezultatais ir apdovanotum\u0117te svait\u0117s Heroj\u0173.<\/p>\n\n<h3 class=\"wp-block-heading\">Kaip tai daryti:<\/h3>\n\n<ol class=\"wp-block-list\">\n<li>Apdovanojamos visos \u012fvykdytos u\u017eduotys &#8211; b\u016btinai pasid\u017eiaukite vis\u0173 pastangomis!<\/li>\n\n\n\n<li>Kiekvienas \u017eaid\u0117jas suskai\u010diuoja savo u\u017edirbtus \u017eetonus.<\/li>\n\n\n\n<li>Daugiausia \u017eeton\u0173 surink\u0119s \u017eaid\u0117jas tampa <strong>Savait\u0117s herojumi.<\/strong>\n<ul class=\"wp-block-list\">\n<li>Jei rezultatas lygus, pasidalykite titul\u0105 arba susitarkite d\u0117l lygi\u0173j\u0173.<\/li>\n<\/ul>\n<\/li>\n<\/ol>\n\n<h2 class=\"wp-block-heading\">6. Apdovanojim\u0173 sistema ir sud\u0117tingumo lygiai<\/h2>\n\n<p>Kiekviena u\u017eduotis turi apdovanojimo lipduk\u0105, kuris nustato, kiek \u017eeton\u0173 ji verta:<\/p>\n\n<figure class=\"wp-block-table\"><table class=\"has-fixed-layout\"><tbody><tr><td><strong>Lipdukas<\/strong><\/td><td><strong>Sud\u0117tingumo lygis<\/strong><\/td><td><strong>\u017deton\u0173 vert\u0117<\/strong><\/td><\/tr><tr><td>Moneta<\/td><td>Lengvas<\/td><td>1 \u017eetonas<\/td><\/tr><tr><td>\u017denklas<\/td><td>Vidutinis<\/td><td>2 \u017eetonai<\/td><\/tr><tr><td>Deimantas<\/td><td>Sunkus<\/td><td>3 \u017eetonai<\/td><\/tr><tr><td>Lobi\u0173 skrynia<\/td><td>Labai sunkus<\/td><td>5 \u017eetonai<\/td><\/tr><\/tbody><\/table><\/figure>\n\n<p>\u0160eimos gali keisti simboli\u0173 vertes pagal savo nam\u0173 taisykles.<\/p>\n\n<h2 class=\"wp-block-heading\">7. Savait\u0117s herojaus privilegijos<\/h2>\n\n<p><strong>Savait\u0117s herojus<\/strong> i\u0161renka <strong>tris \u0161eimos veikl\u0173 korteles<\/strong> kitos savait\u0117s planui:<\/p>\n\n<ul class=\"wp-block-list\">\n<li><strong>2 veiklas i\u0161 bet kurios frakcijos<\/strong> (\u0161\u012f skai\u010di\u0173 galima koreguoti pagal j\u016bs\u0173 \u0161eimos poreikius)<\/li>\n\n\n\n<li><strong>1 papildom\u0105<\/strong> veikl\u0105 i\u0161 <strong>savo herojaus frakcijos<\/strong><\/li>\n<\/ul>\n\n<p>\u0160ios veiklos \u012ftraukiamos \u012f <strong>savait\u0117s kalendori\u0173<\/strong>. Jei kurios nors veiklos nepavyksta atlikti d\u0117l nenumatyt\u0173 aplinkybi\u0173, ji lieka lentoje kitai savaitei arba gali b\u016bti perkelta \u012f kit\u0105 dien\u0105.<\/p>\n\n<blockquote class=\"wp-block-quote is-layout-flow wp-block-quote-is-layout-flow\">\n<h4 class=\"wp-block-heading\"><strong>I\u0161ankstinis planavimas padeda lavinti kantryb\u0119, lankstum\u0105 ir stiprina laukimo d\u017eiaugsm\u0105.<\/strong><\/h4>\n<\/blockquote>\n\n<h2 class=\"wp-block-heading\">8. Pasirenkamos taisykl\u0117s ir pritaikymai<\/h2>\n\n<p>Priderinkite Family Hero prie savo \u0161eimos:<\/p>\n\n<ul class=\"wp-block-list\">\n<li>Pritaikykite veikl\u0173 planavim\u0105: kai kurios \u0161eimos leid\u017eia vaikams savait\u0117s viduryje pakeisti suplanuot\u0105 veikl\u0105, jei visi sutinka<\/li>\n\n\n\n<li><strong>Kurkite savo u\u017eduotis<\/strong> naudodami <strong>tu\u0161\u010dias u\u017eduo\u010di\u0173 korteles<\/strong><\/li>\n\n\n\n<li>Vietoj \u017eeton\u0173 <strong>naudokite realius pinigus<\/strong> ar kit\u0105 ta\u0161k\u0173 sistem\u0105<\/li>\n\n\n\n<li><strong>\u017daiskite komandomis<\/strong> (pvz., vaikai prie\u0161 suaugusiuosius arba broliai\/seserys kartu)<\/li>\n<\/ul>\n\n<h2 class=\"wp-block-heading\">9. Patarimai geresniam \u017eaidimo patyrimui<\/h2>\n\n<ul class=\"wp-block-list\">\n<li>Laikykite \u017eaidimo lent\u0105 <strong>matomoje vietoje<\/strong> \u2013 tai padeda visiems i\u0161likti \u012fsitraukusiems<\/li>\n\n\n\n<li>Padarykite <strong>\u0161eimos susitikim\u0105 linksm\u0105<\/strong> \u2013 \u012fjunkite muzik\u0105 ar sukurkite ma\u017e\u0105 \u0161vent\u0119<\/li>\n\n\n\n<li>Sutelkite d\u0117mes\u012f \u012f <strong>pastangas ir nuoseklum\u0105<\/strong>, o ne \u012f tobulum\u0105<\/li>\n\n\n\n<li>\u012etraukite vaikus \u012f <strong>u\u017eduo\u010di\u0173 ar veikl\u0173 k\u016brim\u0105<\/strong> \u2013 tai didina j\u0173 atsakomyb\u0119 ir \u012fsitraukim\u0105<\/li>\n\n\n\n<li>Neperkraukite \u2013 prad\u0117kite nuo 3\u20135 u\u017eduo\u010di\u0173 kiekvienam \u017eaid\u0117jui per savait\u0119<\/li>\n\n\n\n<li>Prisitaikykite \u2013 \u017eaidimas gali evoliucionuoti kartu su j\u016bs\u0173 \u0161eimos ritmu<\/li>\n<\/ul>\n\n<p><\/p>\n","protected":false},"excerpt":{"rendered":"<p>\u017daidimo taisykl\u0117s \u0160iame puslapyje rasite visk\u0105, k\u0105 reikia \u017einoti norint \u017eaisti Family Hero namuose. Rekomenduojame \u0161ias taisykles perskaityti kartu su visa \u0161eima prie\u0161 pradedant pirm\u0105j\u0105 \u017eaidimo savait\u0119. 1. \u017daidimo tikslas Family Hero \u2013 tai savaitinio ritmo \u017eaidimas, kuriame kiekvienas \u017eaid\u0117jas atlieka u\u017eduotis, renka \u017eetonus ir siekia tapti Savait\u0117s herojumi. Pagrindinis tikslas \u2013 stiprinti \u0161eimos ry\u0161\u012f, [&hellip;]<\/p>\n","protected":false},"author":1,"featured_media":0,"parent":0,"menu_order":0,"comment_status":"closed","ping_status":"closed","template":"","meta":{"footnotes":""},"class_list":["post-1705","page","type-page","status-publish","hentry"],"blocksy_meta":[],"_hostinger_reach_plugin_has_subscription_block":false,"_hostinger_reach_plugin_is_elementor":false,"_links":{"self":[{"href":"https:\/\/familyherogame.com\/lt\/wp-json\/wp\/v2\/pages\/1705","targetHints":{"allow":["GET"]}}],"collection":[{"href":"https:\/\/familyherogame.com\/lt\/wp-json\/wp\/v2\/pages"}],"about":[{"href":"https:\/\/familyherogame.com\/lt\/wp-json\/wp\/v2\/types\/page"}],"author":[{"embeddable":true,"href":"https:\/\/familyherogame.com\/lt\/wp-json\/wp\/v2\/users\/1"}],"replies":[{"embeddable":true,"href":"https:\/\/familyherogame.com\/lt\/wp-json\/wp\/v2\/comments?post=1705"}],"version-history":[{"count":3,"href":"https:\/\/familyherogame.com\/lt\/wp-json\/wp\/v2\/pages\/1705\/revisions"}],"predecessor-version":[{"id":2414,"href":"https:\/\/familyherogame.com\/lt\/wp-json\/wp\/v2\/pages\/1705\/revisions\/2414"}],"wp:attachment":[{"href":"https:\/\/familyherogame.com\/lt\/wp-json\/wp\/v2\/media?parent=1705"}],"curies":[{"name":"wp","href":"https:\/\/api.w.org\/{rel}","templated":true}]}}