{"id":1630,"date":"2025-05-11T13:36:22","date_gmt":"2025-05-11T13:36:22","guid":{"rendered":"https:\/\/familyherogame.com\/mokejimas\/"},"modified":"2025-05-11T20:42:58","modified_gmt":"2025-05-11T20:42:58","slug":"mokejimas","status":"publish","type":"page","link":"https:\/\/familyherogame.com\/lt\/mokejimas\/","title":{"rendered":"Mok\u0117jimas"},"content":{"rendered":"\n<div class=\"wp-block-columns is-layout-flex wp-container-core-columns-is-layout-28f84493 wp-block-columns-is-layout-flex\">\n<div class=\"wp-block-column is-layout-constrained wp-container-core-column-is-layout-bea02a06 wp-block-column-is-layout-constrained\">\n<h1 class=\"wp-block-heading\">Mok\u0117jimo informacija<\/h1>\n\n\n\n<p>Mok\u0117jimo tipai:<\/p>\n\n\n\n<p><strong>DEBITIN\u0116 ARBA KREDITIN\u0116 KORTEL\u0116<\/strong> &#8211; &#8222;Visa&#8221;, &#8222;Visa Electron&#8221;, &#8222;MasterCard&#8221; arba &#8222;American Express&#8221;.<br\/><strong>BANKINIS PERVEDIMAS <\/strong>&#8211; gav\u0119 u\u017esakym\u0105, i\u0161 karto atsi\u0173sime jums proform\u0105. Produktai bus i\u0161si\u0173sti 5-7 d.d. po to, kai gausime j\u016bs\u0173 mok\u0117jim\u0105. Prie\u0161ingu atveju u\u017esakymas bus at\u0161auktas.<\/p>\n<\/div>\n<\/div>\n","protected":false},"excerpt":{"rendered":"<p>Mok\u0117jimo informacija Mok\u0117jimo tipai: DEBITIN\u0116 ARBA KREDITIN\u0116 KORTEL\u0116 &#8211; &#8222;Visa&#8221;, &#8222;Visa Electron&#8221;, &#8222;MasterCard&#8221; arba &#8222;American Express&#8221;.BANKINIS PERVEDIMAS &#8211; gav\u0119 u\u017esakym\u0105, i\u0161 karto atsi\u0173sime jums proform\u0105. Produktai bus i\u0161si\u0173sti 5-7 d.d. po to, kai gausime j\u016bs\u0173 mok\u0117jim\u0105. Prie\u0161ingu atveju u\u017esakymas bus at\u0161auktas.<\/p>\n","protected":false},"author":1,"featured_media":0,"parent":0,"menu_order":0,"comment_status":"closed","ping_status":"closed","template":"","meta":{"footnotes":""},"class_list":["post-1630","page","type-page","status-publish","hentry"],"blocksy_meta":[],"_hostinger_reach_plugin_has_subscription_block":false,"_hostinger_reach_plugin_is_elementor":false,"_links":{"self":[{"href":"https:\/\/familyherogame.com\/lt\/wp-json\/wp\/v2\/pages\/1630","targetHints":{"allow":["GET"]}}],"collection":[{"href":"https:\/\/familyherogame.com\/lt\/wp-json\/wp\/v2\/pages"}],"about":[{"href":"https:\/\/familyherogame.com\/lt\/wp-json\/wp\/v2\/types\/page"}],"author":[{"embeddable":true,"href":"https:\/\/familyherogame.com\/lt\/wp-json\/wp\/v2\/users\/1"}],"replies":[{"embeddable":true,"href":"https:\/\/familyherogame.com\/lt\/wp-json\/wp\/v2\/comments?post=1630"}],"version-history":[{"count":2,"href":"https:\/\/familyherogame.com\/lt\/wp-json\/wp\/v2\/pages\/1630\/revisions"}],"predecessor-version":[{"id":1704,"href":"https:\/\/familyherogame.com\/lt\/wp-json\/wp\/v2\/pages\/1630\/revisions\/1704"}],"wp:attachment":[{"href":"https:\/\/familyherogame.com\/lt\/wp-json\/wp\/v2\/media?parent=1630"}],"curies":[{"name":"wp","href":"https:\/\/api.w.org\/{rel}","templated":true}]}}