{"id":1626,"date":"2025-05-11T14:06:07","date_gmt":"2025-05-11T14:06:07","guid":{"rendered":"https:\/\/familyherogame.com\/grazinimas\/"},"modified":"2025-05-11T20:20:17","modified_gmt":"2025-05-11T20:20:17","slug":"grazinimas","status":"publish","type":"page","link":"https:\/\/familyherogame.com\/lt\/grazinimas\/","title":{"rendered":"Gr\u0105\u017einimas"},"content":{"rendered":"\n<div class=\"wp-block-columns is-layout-flex wp-container-core-columns-is-layout-28f84493 wp-block-columns-is-layout-flex\">\n<div class=\"wp-block-column is-layout-constrained wp-container-core-column-is-layout-bea02a06 wp-block-column-is-layout-constrained\">\n<h1 class=\"wp-block-heading\">Preki\u0173 keitimas ir pinig\u0173 gr\u0105\u017einimo<\/h1>\n\n\n\n<p>Norime, kad <em>Family Hero<\/em> patirtis jums teikt\u0173 d\u017eiaugsm\u0105. Kiekvienas \u017eaidimo rinkinys gaminamas ma\u017eomis partijomis su meile ir atsakingumu \u2013 siekiame ma\u017einti atliekas ir pasi\u016blyti s\u0105\u017eining\u0105 kain\u0105 \u0161eimoms. Kadangi esame augantis verslas be didel\u0117s sand\u0117liavimo infrastrukt\u016bros, maloniai pra\u0161ome susipa\u017einti su m\u016bs\u0173 gr\u0105\u017einimo politika prie\u0161 pateikiant u\u017esakym\u0105.<\/p>\n\n\n\n<h3 class=\"wp-block-heading\">Sugadintos ar neteisingos prek\u0117s<\/h3>\n\n\n\n<p>Jei gavote <strong>pa\u017eeist\u0105, brokuot\u0105 ar neteising\u0105<\/strong> prek\u0119, pasir\u016bpinsime, kad visk\u0105 i\u0161taisytume. Para\u0161ykite mums el. pa\u0161tu <strong><a href=\"mailto:hi@familyherogame.com\">hi@familyherogame.com<\/a><\/strong> per <strong>14 dien\u0173 nuo pristatymo<\/strong> ir pateikite:<\/p>\n\n\n\n<ul class=\"wp-block-list\">\n<li>U\u017esakymo numer\u012f<\/li>\n\n\n\n<li>Problemos apra\u0161ym\u0105<\/li>\n\n\n\n<li>Ai\u0161kias nuotraukas, kuriose matoma problema<\/li>\n<\/ul>\n\n\n\n<p>Po per\u017ei\u016bros pasi\u016blysime <strong>nauj\u0105 prek\u0119<\/strong> arba <strong>visi\u0161k\u0105 pinig\u0173 gr\u0105\u017einim\u0105<\/strong>, \u012fskaitant siuntimo i\u0161laidas, jei kalt\u0117 yra m\u016bs\u0173.<\/p>\n\n\n\n<h3 class=\"wp-block-heading\">Gr\u0105\u017einimai d\u0117l nuomon\u0117s pakeitimo ar atidaryt\u0173 preki\u0173<\/h3>\n\n\n\n<p>Atsi\u017evelgiant \u012f m\u016bs\u0173 gamybos pob\u016bd\u012f:<\/p>\n\n\n\n<ul class=\"wp-block-list\">\n<li><strong>Negalime priimti gr\u0105\u017einim\u0173<\/strong>, jei tiesiog persigalvojote<\/li>\n\n\n\n<li><strong>Negalime priimti gr\u0105\u017einim\u0173<\/strong>, jei prek\u0117 buvo naudota ar atidaryta<\/li>\n<\/ul>\n\n\n\n<p>Pra\u0161ome prie\u0161 perkant atid\u017eiai perskaityti preki\u0173 apra\u0161ym\u0105 ir informacij\u0105.<\/p>\n\n\n\n<h3 class=\"wp-block-heading\">Gr\u0105\u017einimo terminas<\/h3>\n\n\n\n<p>Gr\u0105\u017einimo pra\u0161ymas turi b\u016bti pateiktas per <strong>14 dien\u0173 <\/strong>nuo prek\u0117s gavimo. Jei gr\u0105\u017einimas patvirtinamas, prek\u0119 turite i\u0161si\u0173sti atgal per <strong>7 dienas<\/strong> nuo patvirtinimo.<\/p>\n\n\n\n<h3 class=\"wp-block-heading\">Pinig\u0173 gr\u0105\u017einimas<\/h3>\n\n\n\n<p>Gavus ir ap\u017ei\u016br\u0117jus gr\u0105\u017einam\u0105 prek\u0119, prane\u0161ime apie sprendim\u0105. Jei gr\u0105\u017einimas patvirtinamas:<\/p>\n\n\n\n<ul class=\"wp-block-list\">\n<li><strong>Visi pinigai<\/strong> bus gr\u0105\u017einti \u012f j\u016bs\u0173 pradin\u012f mok\u0117jimo b\u016bd\u0105<\/li>\n\n\n\n<li>Priklausomai nuo j\u016bs\u0173 banko, gr\u0105\u017einimo apdorojimas gali u\u017etrukti 5\u201310 darbo dien\u0173<\/li>\n<\/ul>\n\n\n\n<h3 class=\"wp-block-heading\">Siuntimo i\u0161laidos<\/h3>\n\n\n\n<p>Da\u017eniausiai:<\/p>\n\n\n\n<ul class=\"wp-block-list\">\n<li><strong>Jei kalt\u0117 m\u016bs\u0173 (prek\u0117 sugadinta ar neteisinga)<\/strong> \u2013 mes padengiame siuntimo i\u0161laidas<\/li>\n\n\n\n<li><strong>Kitais atvejais, jei gr\u0105\u017einimas patvirtinamas<\/strong> \u2013 siuntimo i\u0161laidas padengia pirk\u0117jas<\/li>\n<\/ul>\n\n\n\n<h3 class=\"wp-block-heading\">Tr\u016bkstamos dalys<\/h3>\n\n\n\n<p>Jei tr\u016bksta koki\u0173 nors rinkinio dali\u0173 (pvz., korteli\u0173 ar lipduk\u0173), susisiekite su mumis \u2013 kuo grei\u010diau i\u0161si\u0173sime tr\u016bkstam\u0105 komponent\u0105.<\/p>\n\n\n\n<h3 class=\"wp-block-heading\">A\u010di\u016b, kad palaikote ma\u017e\u0105 versl\u0105 \ud83d\ude4f <\/h3>\n\n\n\n<p>Esame d\u0117kingi u\u017e j\u016bs\u0173 pasitik\u0117jim\u0105 ir supratingum\u0105. J\u016bs\u0173 palaikymas padeda mums skleisti \u017eaidimo d\u017eiaugsm\u0105, ry\u0161\u012f ir pozityvum\u0105 \u0161eimose visoje Europoje.<\/p>\n\n\n\n<p>Klausim\u0173 atveju \u2013 ra\u0161ykite mums el. pa\u0161tu <strong><strong><a href=\"mailto:hi@familyherogame.com\">hi@familyhero.com<\/a><\/strong><\/strong>.<\/p>\n<\/div>\n<\/div>\n\n<p><\/p>\n","protected":false},"excerpt":{"rendered":"<p>Preki\u0173 keitimas ir pinig\u0173 gr\u0105\u017einimo Norime, kad Family Hero patirtis jums teikt\u0173 d\u017eiaugsm\u0105. Kiekvienas \u017eaidimo rinkinys gaminamas ma\u017eomis partijomis su meile ir atsakingumu \u2013 siekiame ma\u017einti atliekas ir pasi\u016blyti s\u0105\u017eining\u0105 kain\u0105 \u0161eimoms. Kadangi esame augantis verslas be didel\u0117s sand\u0117liavimo infrastrukt\u016bros, maloniai pra\u0161ome susipa\u017einti su m\u016bs\u0173 gr\u0105\u017einimo politika prie\u0161 pateikiant u\u017esakym\u0105. Sugadintos ar neteisingos prek\u0117s Jei [&hellip;]<\/p>\n","protected":false},"author":1,"featured_media":0,"parent":0,"menu_order":0,"comment_status":"closed","ping_status":"closed","template":"","meta":{"footnotes":""},"class_list":["post-1626","page","type-page","status-publish","hentry"],"blocksy_meta":[],"_hostinger_reach_plugin_has_subscription_block":false,"_hostinger_reach_plugin_is_elementor":false,"_links":{"self":[{"href":"https:\/\/familyherogame.com\/lt\/wp-json\/wp\/v2\/pages\/1626","targetHints":{"allow":["GET"]}}],"collection":[{"href":"https:\/\/familyherogame.com\/lt\/wp-json\/wp\/v2\/pages"}],"about":[{"href":"https:\/\/familyherogame.com\/lt\/wp-json\/wp\/v2\/types\/page"}],"author":[{"embeddable":true,"href":"https:\/\/familyherogame.com\/lt\/wp-json\/wp\/v2\/users\/1"}],"replies":[{"embeddable":true,"href":"https:\/\/familyherogame.com\/lt\/wp-json\/wp\/v2\/comments?post=1626"}],"version-history":[{"count":5,"href":"https:\/\/familyherogame.com\/lt\/wp-json\/wp\/v2\/pages\/1626\/revisions"}],"predecessor-version":[{"id":1694,"href":"https:\/\/familyherogame.com\/lt\/wp-json\/wp\/v2\/pages\/1626\/revisions\/1694"}],"wp:attachment":[{"href":"https:\/\/familyherogame.com\/lt\/wp-json\/wp\/v2\/media?parent=1626"}],"curies":[{"name":"wp","href":"https:\/\/api.w.org\/{rel}","templated":true}]}}